{"id":7889,"date":"2025-10-17T16:25:31","date_gmt":"2025-10-17T16:25:31","guid":{"rendered":"https:\/\/niagarapumps.ca\/?post_type=product&#038;p=7889"},"modified":"2026-01-15T09:17:11","modified_gmt":"2026-01-15T09:17:11","slug":"niagara-butterfly-valve-models-ffsd25-ffsd25g","status":"publish","type":"product","link":"https:\/\/niagarapumps.ca\/fr\/product\/niagara-butterfly-valve-models-ffsd25-ffsd25g\/","title":{"rendered":"Robinet \u00e0 papillon NIAGARA - Mod\u00e8les FFSD25 &amp; FFSD25G"},"content":{"rendered":"<p data-start=\"415\" data-end=\"1086\" class=\"translation-block\"><strong data-start=\"415\" data-end=\"468\">Vanne papillon NIAGARA - Mod\u00e8les FFSD25 &amp; FFSD25G<\/strong><br data-start=\"468\" data-end=\"471\">Le FFSD25 et le FFSD25G sont des <strong data-start=\"498\" data-end=\"544\">clapets \u00e0 papillon en fonte ductile \u00e0 oreilles pleines<\/strong> con\u00e7us pour des applications \u00e0 haute performance n\u00e9cessitant <strong data-start=\"598\" data-end=\"622\">une pression nominale de NP25<\/strong>.<br data-start=\"623\" data-end=\"626\">Ces vannes sont dot\u00e9es d'un <strong data-start=\"649\" data-end=\"673\">disque en acier inoxydable<\/strong> pour une meilleure r\u00e9sistance \u00e0 la corrosion et \u00e0 l'usure, garantissant un fonctionnement fiable dans les syst\u00e8mes de distribution d'eau, industriels et de chauffage, ventilation et climatisation.<br data-start=\"801\" data-end=\"804\">Les mod\u00e8les offrent \u00e0 la fois des options <strong data-start=\"826\" data-end=\"842\">levier (4925)<\/strong> et <strong data-start=\"847\" data-end=\"866\">bo\u00eete de vitesses (4925G)<\/strong>, s'adaptant \u00e0 une large gamme de pr\u00e9f\u00e9rences op\u00e9rationnelles et d'exigences de syst\u00e8me.<br data-start=\"954\" data-end=\"957\">Chaque vanne est <strong data-start=\"971\" data-end=\"1008\">test\u00e9e selon les normes BS EN 12266-1<\/strong>, garantissant une \u00e9tanch\u00e9it\u00e9 et une durabilit\u00e9 sup\u00e9rieures dans des conditions de haute pression.<\/p>\n<p data-start=\"1088\" data-end=\"1119\"><strong data-start=\"1088\" data-end=\"1117\">Sp\u00e9cifications techniques :<\/strong><\/p>\n<ul data-start=\"1120\" data-end=\"1379\">\n<li data-start=\"1154\" data-end=\"1183\">\n<p data-start=\"1156\" data-end=\"1183\"><strong data-start=\"1156\" data-end=\"1176\">Pression nominale :<\/strong> PN25<\/p>\n<\/li>\n<li data-start=\"1184\" data-end=\"1238\">\n<p data-start=\"1186\" data-end=\"1238\"><strong data-start=\"1186\" data-end=\"1209\">Temp\u00e9rature nominale :<\/strong> 25 bar de -10\u00b0C \u00e0 120\u00b0C<\/p>\n<\/li>\n<li data-start=\"1239\" data-end=\"1269\">\n<p data-start=\"1241\" data-end=\"1269\"><strong data-start=\"1241\" data-end=\"1254\">Mat\u00e9riau :<\/strong> Fonte ductile<\/p>\n<\/li>\n<li data-start=\"1309\" data-end=\"1379\">\n<p data-start=\"1311\" data-end=\"1379\"><strong data-start=\"1311\" data-end=\"1329\">Pression d'essai :<\/strong> Chaque vanne est test\u00e9e conform\u00e9ment \u00e0 la norme BS EN 12266-1.<\/p>\n<\/li>\n<\/ul>\n<p data-start=\"1381\" data-end=\"1396\"><strong data-start=\"1381\" data-end=\"1394\">Caract\u00e9ristiques :<\/strong><\/p>\n<ul>\n<li data-start=\"55\" data-end=\"96\">\n<p data-start=\"58\" data-end=\"96\">Enti\u00e8rement lugg\u00e9 pour une installation s\u00fbre<\/p>\n<\/li>\n<li data-start=\"97\" data-end=\"161\">\n<p data-start=\"100\" data-end=\"161\">Le disque en acier inoxydable offre une plus grande r\u00e9sistance<\/p>\n<\/li>\n<li data-start=\"162\" data-end=\"213\">\n<p data-start=\"165\" data-end=\"213\">Class\u00e9 PN25 pour les applications \u00e0 plus haute pression<\/p>\n<\/li>\n<li data-start=\"214\" data-end=\"269\">\n<p data-start=\"217\" data-end=\"269\">Levier (4925) et bo\u00eete de vitesses (4925G) disponibles en option<\/p>\n<\/li>\n<li data-start=\"270\" data-end=\"339\">\n<p data-start=\"273\" data-end=\"339\">Gamme de tailles \u00e9tendue (DN50 \u00e0 DN600) pour r\u00e9pondre aux exigences des applications<\/p>\n<\/li>\n<\/ul>\n<p data-start=\"1937\" data-end=\"2095\" class=\"translation-block\"><strong data-start=\"1937\" data-end=\"1954\">Applications :<\/strong><br data-start=\"1954\" data-end=\"1957\">Id\u00e9al pour <strong data-start=\"1967\" data-end=\"1995\">les lignes de traitement industriel<\/strong>, <strong data-start=\"1997\" data-end=\"2016\">le traitement de l'eau<\/strong>, <strong data-start=\"2018\" data-end=\"2026\">HVAC<\/strong>, <strong data-start=\"2028\" data-end=\"2044\">centrales \u00e9lectriques<\/strong>, et <strong data-start=\"2050\" data-end=\"2094\">syst\u00e8mes de distribution d'eau \u00e0 haute pression<\/strong>.<\/p>","protected":false},"excerpt":{"rendered":"<p data-start=\"221\" data-end=\"374\">Vanne papillon haute pression en fonte ductile avec disque en acier inoxydable, adapt\u00e9e aux applications industrielles et hydrauliques exigeantes (PN25).<\/p>","protected":false},"featured_media":7890,"template":"","meta":{"content-type":""},"product_brand":[],"product_cat":[115,504],"product_tag":[],"class_list":{"0":"post-7889","1":"product","2":"type-product","3":"status-publish","4":"has-post-thumbnail","6":"product_cat-valves","7":"product_cat-butterfly-valves","9":"first","10":"instock","11":"shipping-taxable","12":"product-type-simple"},"_links":{"self":[{"href":"https:\/\/niagarapumps.ca\/fr\/wp-json\/wp\/v2\/product\/7889","targetHints":{"allow":["GET"]}}],"collection":[{"href":"https:\/\/niagarapumps.ca\/fr\/wp-json\/wp\/v2\/product"}],"about":[{"href":"https:\/\/niagarapumps.ca\/fr\/wp-json\/wp\/v2\/types\/product"}],"wp:featuredmedia":[{"embeddable":true,"href":"https:\/\/niagarapumps.ca\/fr\/wp-json\/wp\/v2\/media\/7890"}],"wp:attachment":[{"href":"https:\/\/niagarapumps.ca\/fr\/wp-json\/wp\/v2\/media?parent=7889"}],"wp:term":[{"taxonomy":"product_brand","embeddable":true,"href":"https:\/\/niagarapumps.ca\/fr\/wp-json\/wp\/v2\/product_brand?post=7889"},{"taxonomy":"product_cat","embeddable":true,"href":"https:\/\/niagarapumps.ca\/fr\/wp-json\/wp\/v2\/product_cat?post=7889"},{"taxonomy":"product_tag","embeddable":true,"href":"https:\/\/niagarapumps.ca\/fr\/wp-json\/wp\/v2\/product_tag?post=7889"}],"curies":[{"name":"wp","href":"https:\/\/api.w.org\/{rel}","templated":true}]}}