{"id":8052,"date":"2025-12-20T11:09:58","date_gmt":"2025-12-20T11:09:58","guid":{"rendered":"https:\/\/niagarapumps.ca\/?post_type=product&#038;p=8052"},"modified":"2025-12-20T11:09:58","modified_gmt":"2025-12-20T11:09:58","slug":"niagara-water-meter-model-mjwm","status":"publish","type":"product","link":"https:\/\/niagarapumps.ca\/fr\/product\/niagara-water-meter-model-mjwm\/","title":{"rendered":"NIAGARA WATER METER - Mod\u00e8le MJWM"},"content":{"rendered":"<p data-start=\"96\" data-end=\"423\">Ce compteur d'eau est con\u00e7u pour mesurer avec pr\u00e9cision le d\u00e9bit d'eau. Toutes les pi\u00e8ces en contact avec l'eau ont \u00e9t\u00e9 soigneusement s\u00e9lectionn\u00e9es pour offrir une grande r\u00e9sistance \u00e0 la corrosion et une longue dur\u00e9e de vie. La temp\u00e9rature de fonctionnement standard des compteurs d'eau froide est inf\u00e9rieure \u00e0 30\u00b0C (T30), tandis que le mod\u00e8le MJWM peut fonctionner en toute s\u00e9curit\u00e9 \u00e0 des temp\u00e9ratures d'eau allant jusqu'\u00e0 50\u00b0C (T50).<\/p>\n<p data-start=\"425\" data-end=\"791\">Le rouleau est \u00e9quip\u00e9 d'un joint liquide sp\u00e9cial qui emp\u00eache tout contact direct avec l'eau, ce qui garantit des relev\u00e9s clairs et stables dans toutes les conditions de fonctionnement. La roue est la seule pi\u00e8ce mobile en contact avec l'eau, ce qui am\u00e9liore la fiabilit\u00e9 et minimise l'usure. Un m\u00e9canisme de transmission m\u00e9canique robuste garantit une fiabilit\u00e9 extr\u00eamement \u00e9lev\u00e9e et des performances constantes.<\/p>\n<p data-start=\"793\" data-end=\"978\">Un filtre suppl\u00e9mentaire est int\u00e9gr\u00e9 \u00e0 l'entr\u00e9e du compteur, ce qui permet un nettoyage facile sans perturber le joint d'\u00e9tanch\u00e9it\u00e9 du compteur. Un clapet anti-retour est disponible en option pour \u00e9viter un d\u00e9bit excessif.<\/p>\n<p data-start=\"980\" data-end=\"1009\"><strong data-start=\"980\" data-end=\"1009\">Sp\u00e9cifications techniques :<\/strong><\/p>\n<ul data-start=\"1010\" data-end=\"1330\">\n<li data-start=\"1010\" data-end=\"1050\">\n<p data-start=\"1012\" data-end=\"1050\">DN (mm) : 15 \/ 20 \/ 25 \/ 32 \/ 40 \/ 50<\/p>\n<\/li>\n<li data-start=\"1051\" data-end=\"1107\">\n<p data-start=\"1053\" data-end=\"1107\">Taille (pouces) : 1\/2\u2033 \/ 3\/4\u2033 \/ 1\u2033 \/ 1 1\/4\u2033 \/ 1 1\/2\u2033 \/ 2\u2033<\/p>\n<\/li>\n<li data-start=\"1108\" data-end=\"1133\">\n<p data-start=\"1110\" data-end=\"1133\">Pression max. Pression : 16 bar<\/p>\n<\/li>\n<li data-start=\"1134\" data-end=\"1160\">\n<p data-start=\"1136\" data-end=\"1160\">Perte de charge (\u0394P) : 63<\/p>\n<\/li>\n<li data-start=\"1161\" data-end=\"1197\">\n<p data-start=\"1163\" data-end=\"1197\">Temp\u00e9rature max. Temp\u00e9rature : T = 50\u00b0 \/ 90\u00b0C<\/p>\n<\/li>\n<li data-start=\"1198\" data-end=\"1271\">\n<p data-start=\"1200\" data-end=\"1222\">Option de sortie d'impulsion :<\/p>\n<ul data-start=\"1225\" data-end=\"1271\">\n<li data-start=\"1225\" data-end=\"1238\">\n<p data-start=\"1227\" data-end=\"1238\">Vmax : 24V<\/p>\n<\/li>\n<li data-start=\"1241\" data-end=\"1256\">\n<p data-start=\"1243\" data-end=\"1256\">Imax : 100mA<\/p>\n<\/li>\n<li data-start=\"1259\" data-end=\"1271\">\n<p data-start=\"1261\" data-end=\"1271\">Pmax : 2W<\/p>\n<\/li>\n<\/ul>\n<\/li>\n<li data-start=\"1272\" data-end=\"1330\">\n<p data-start=\"1274\" data-end=\"1330\">Qmax (l\/h) : 3000 \/ 5000 \/ 7000 \/ 12000 \/ 20000 \/ 30000<\/p>\n<\/li>\n<\/ul>","protected":false},"excerpt":{"rendered":"<p data-start=\"1332\" data-end=\"1534\">Compteur d'eau m\u00e9canique con\u00e7u pour mesurer avec pr\u00e9cision l'eau froide, offrant une grande fiabilit\u00e9, des performances stables et une sortie d'impulsion optionnelle pour les syst\u00e8mes de surveillance et de contr\u00f4le.<\/p>","protected":false},"featured_media":8053,"template":"","meta":{"content-type":""},"product_brand":[],"product_cat":[115,293],"product_tag":[],"class_list":{"0":"post-8052","1":"product","2":"type-product","3":"status-publish","4":"has-post-thumbnail","6":"product_cat-valves","7":"product_cat-water-meter","9":"first","10":"instock","11":"shipping-taxable","12":"product-type-simple"},"_links":{"self":[{"href":"https:\/\/niagarapumps.ca\/fr\/wp-json\/wp\/v2\/product\/8052","targetHints":{"allow":["GET"]}}],"collection":[{"href":"https:\/\/niagarapumps.ca\/fr\/wp-json\/wp\/v2\/product"}],"about":[{"href":"https:\/\/niagarapumps.ca\/fr\/wp-json\/wp\/v2\/types\/product"}],"wp:featuredmedia":[{"embeddable":true,"href":"https:\/\/niagarapumps.ca\/fr\/wp-json\/wp\/v2\/media\/8053"}],"wp:attachment":[{"href":"https:\/\/niagarapumps.ca\/fr\/wp-json\/wp\/v2\/media?parent=8052"}],"wp:term":[{"taxonomy":"product_brand","embeddable":true,"href":"https:\/\/niagarapumps.ca\/fr\/wp-json\/wp\/v2\/product_brand?post=8052"},{"taxonomy":"product_cat","embeddable":true,"href":"https:\/\/niagarapumps.ca\/fr\/wp-json\/wp\/v2\/product_cat?post=8052"},{"taxonomy":"product_tag","embeddable":true,"href":"https:\/\/niagarapumps.ca\/fr\/wp-json\/wp\/v2\/product_tag?post=8052"}],"curies":[{"name":"wp","href":"https:\/\/api.w.org\/{rel}","templated":true}]}}