{"id":8054,"date":"2025-12-20T11:11:39","date_gmt":"2025-12-20T11:11:39","guid":{"rendered":"https:\/\/niagarapumps.ca\/?post_type=product&#038;p=8054"},"modified":"2025-12-20T11:58:07","modified_gmt":"2025-12-20T11:58:07","slug":"niagara-water-meter-model-mj-ldp","status":"publish","type":"product","link":"https:\/\/niagarapumps.ca\/fr\/product\/niagara-water-meter-model-mj-ldp\/","title":{"rendered":"NIAGARA WATER METER - Mod\u00e8le MJ-LDP"},"content":{"rendered":"<p data-start=\"116\" data-end=\"146\">Ce compteur d'eau est con\u00e7u pour une mesure pr\u00e9cise et fiable du d\u00e9bit d'eau, tous les mat\u00e9riaux en contact avec l'eau \u00e9tant soigneusement s\u00e9lectionn\u00e9s pour leur grande r\u00e9sistance \u00e0 la corrosion. Toutes les mati\u00e8res premi\u00e8res plastiques utilis\u00e9es sont 100% neuves et non d'occasion, ce qui garantit leur durabilit\u00e9 et leur longue dur\u00e9e de vie.<br data-start=\"427\" data-end=\"430\" \/>La temp\u00e9rature de fonctionnement standard des compteurs d'eau froide est inf\u00e9rieure \u00e0 30\u00b0C (T30), tandis que le mod\u00e8le MJ-LDP peut fonctionner en toute s\u00e9curit\u00e9 \u00e0 des temp\u00e9ratures d'eau allant jusqu'\u00e0 50\u00b0C (T50).<\/p>\n<p data-start=\"591\" data-end=\"965\">Le rouleau utilise un joint liquide sp\u00e9cial qui emp\u00eache tout contact direct avec l'eau, ce qui permet d'obtenir des relev\u00e9s clairs et stables dans toutes les conditions de fonctionnement. La roue est la seule pi\u00e8ce mobile en contact avec l'eau, ce qui am\u00e9liore la fiabilit\u00e9 et minimise l'usure m\u00e9canique. Un m\u00e9canisme de transmission m\u00e9canique robuste assure une tr\u00e8s grande fiabilit\u00e9 et des performances constantes.<\/p>\n<p data-start=\"967\" data-end=\"1151\">Un filtre suppl\u00e9mentaire est install\u00e9 \u00e0 l'entr\u00e9e du compteur, ce qui permet un nettoyage facile sans perturber le joint d'\u00e9tanch\u00e9it\u00e9 du compteur. Un clapet anti-retour est disponible en option pour \u00e9viter un d\u00e9bit excessif.<\/p>\n<p data-start=\"1153\" data-end=\"1182\"><strong data-start=\"1153\" data-end=\"1182\">Sp\u00e9cifications techniques :<\/strong><\/p>\n<ul data-start=\"1183\" data-end=\"1429\">\n<li data-start=\"1183\" data-end=\"1223\">\n<p data-start=\"1185\" data-end=\"1223\">DN (mm) : 15 \/ 20 \/ 25 \/ 32 \/ 40 \/ 50<\/p>\n<\/li>\n<li data-start=\"1224\" data-end=\"1280\">\n<p data-start=\"1226\" data-end=\"1280\">Taille (pouces) : 1\/2\u2033 \/ 3\/4\u2033 \/ 1\u2033 \/ 1 1\/4\u2033 \/ 1 1\/2\u2033 \/ 2\u2033<\/p>\n<\/li>\n<li data-start=\"1281\" data-end=\"1306\">\n<p data-start=\"1283\" data-end=\"1306\">Pression max. Pression : 16 bar<\/p>\n<\/li>\n<li data-start=\"1307\" data-end=\"1333\">\n<p data-start=\"1309\" data-end=\"1333\">Perte de charge (\u0394P) : 63<\/p>\n<\/li>\n<li data-start=\"1334\" data-end=\"1370\">\n<p data-start=\"1336\" data-end=\"1370\">Temp\u00e9rature max. Temp\u00e9rature : T = 50\u00b0 \/ 90\u00b0C<\/p>\n<\/li>\n<li data-start=\"1371\" data-end=\"1429\">\n<p data-start=\"1373\" data-end=\"1429\">Qmax (l\/h) : 3000 \/ 5000 \/ 7000 \/ 12000 \/ 20000 \/ 30000<\/p>\n<\/li>\n<\/ul>","protected":false},"excerpt":{"rendered":"<p data-start=\"1431\" data-end=\"1642\">Compteur d'eau m\u00e9canique pour une mesure pr\u00e9cise de l'eau froide, offrant une grande fiabilit\u00e9, des mat\u00e9riaux r\u00e9sistants \u00e0 la corrosion et des performances stables pour les syst\u00e8mes d'eau r\u00e9sidentiels et commerciaux.<\/p>","protected":false},"featured_media":8055,"template":"","meta":{"content-type":""},"product_brand":[],"product_cat":[115,293],"product_tag":[],"class_list":{"0":"post-8054","1":"product","2":"type-product","3":"status-publish","4":"has-post-thumbnail","6":"product_cat-valves","7":"product_cat-water-meter","9":"first","10":"instock","11":"shipping-taxable","12":"product-type-simple"},"_links":{"self":[{"href":"https:\/\/niagarapumps.ca\/fr\/wp-json\/wp\/v2\/product\/8054","targetHints":{"allow":["GET"]}}],"collection":[{"href":"https:\/\/niagarapumps.ca\/fr\/wp-json\/wp\/v2\/product"}],"about":[{"href":"https:\/\/niagarapumps.ca\/fr\/wp-json\/wp\/v2\/types\/product"}],"wp:featuredmedia":[{"embeddable":true,"href":"https:\/\/niagarapumps.ca\/fr\/wp-json\/wp\/v2\/media\/8055"}],"wp:attachment":[{"href":"https:\/\/niagarapumps.ca\/fr\/wp-json\/wp\/v2\/media?parent=8054"}],"wp:term":[{"taxonomy":"product_brand","embeddable":true,"href":"https:\/\/niagarapumps.ca\/fr\/wp-json\/wp\/v2\/product_brand?post=8054"},{"taxonomy":"product_cat","embeddable":true,"href":"https:\/\/niagarapumps.ca\/fr\/wp-json\/wp\/v2\/product_cat?post=8054"},{"taxonomy":"product_tag","embeddable":true,"href":"https:\/\/niagarapumps.ca\/fr\/wp-json\/wp\/v2\/product_tag?post=8054"}],"curies":[{"name":"wp","href":"https:\/\/api.w.org\/{rel}","templated":true}]}}