{"id":8057,"date":"2025-12-20T11:21:08","date_gmt":"2025-12-20T11:21:08","guid":{"rendered":"https:\/\/niagarapumps.ca\/?post_type=product&#038;p=8057"},"modified":"2025-12-20T11:57:50","modified_gmt":"2025-12-20T11:57:50","slug":"compteur-deau-niagara-modele-uwm7","status":"publish","type":"product","link":"https:\/\/niagarapumps.ca\/fr\/product\/niagara-water-meter-model-uwm7\/","title":{"rendered":"Compteur d'eau NIAGARA - Mod\u00e8le UWM7"},"content":{"rendered":"<p data-start=\"115\" data-end=\"143\"><strong data-start=\"115\" data-end=\"143\">COMPTEUR D'EAU - Mod\u00e8le UWM7<\/strong><\/p>\n<p data-start=\"145\" data-end=\"442\">Ce compteur d'eau \u00e0 ultrasons est con\u00e7u sans usure et sans perte de pression, sans roue m\u00e9canique \u00e0 l'int\u00e9rieur du corps du compteur d'eau. Cela \u00e9limine le colmatage et minimise la perte de pression, garantissant que la pr\u00e9cision de la mesure n'est pas affect\u00e9e au fil du temps, m\u00eame dans les installations o\u00f9 la qualit\u00e9 de l'eau est m\u00e9diocre.<\/p>\n<p data-start=\"444\" data-end=\"850\">La technologie de mesure par ultrasons utilise la mesure \u00e9lectronique des ondes acoustiques, offrant une plus grande pr\u00e9cision que les compteurs m\u00e9caniques traditionnels. Elle permet de mesurer avec pr\u00e9cision le d\u00e9bit, m\u00eame pour de tr\u00e8s petits volumes d'eau.<br data-start=\"658\" data-end=\"661\" \/>Le compteur est con\u00e7u avec une protection IP68, utilisant un processus d'\u00e9tanch\u00e9it\u00e9 sp\u00e9cial qui rend le compteur et la batterie totalement \u00e9tanches, permettant un fonctionnement fiable m\u00eame lorsqu'ils sont submerg\u00e9s dans l'eau.<\/p>\n<p data-start=\"852\" data-end=\"881\"><strong data-start=\"852\" data-end=\"881\">Sp\u00e9cifications techniques :<\/strong><\/p>\n<ul data-start=\"882\" data-end=\"1099\">\n<li data-start=\"882\" data-end=\"931\">\n<p data-start=\"884\" data-end=\"931\">Diam\u00e8tre nominal (mm) : 15 \/ 20 \/ 25 \/ 32 \/ 40<\/p>\n<\/li>\n<li data-start=\"932\" data-end=\"984\">\n<p data-start=\"934\" data-end=\"984\">D\u00e9bit maximal Q4 (m\u00b3\/h) : 3.125 \/ 5 \/ 7.87 \/ 12.5 \/ 20<\/p>\n<\/li>\n<li data-start=\"985\" data-end=\"1013\">\n<p data-start=\"987\" data-end=\"1013\">Pression de travail : 16 MPa<\/p>\n<\/li>\n<li data-start=\"1014\" data-end=\"1040\">\n<p data-start=\"1016\" data-end=\"1040\">Perte de charge (\u0394P) : 63<\/p>\n<\/li>\n<li data-start=\"1041\" data-end=\"1072\">\n<p data-start=\"1043\" data-end=\"1072\">Plage de temp\u00e9rature : 5 - 55\u00b0C<\/p>\n<\/li>\n<li data-start=\"1073\" data-end=\"1099\">\n<p data-start=\"1075\" data-end=\"1099\">Classe de protection : IP68<\/p>\n<\/li>\n<\/ul>","protected":false},"excerpt":{"rendered":"<p data-start=\"1101\" data-end=\"1334\">Compteur d'eau \u00e0 ultrasons sans pi\u00e8ces mobiles, offrant des mesures de haute pr\u00e9cision, une usure m\u00e9canique nulle et une protection \u00e9tanche IP68, id\u00e9al pour les r\u00e9seaux d'eau modernes et les conditions de qualit\u00e9 de l'eau difficiles.<\/p>","protected":false},"featured_media":8058,"template":"","meta":{"content-type":""},"product_brand":[],"product_cat":[115,293],"product_tag":[],"class_list":{"0":"post-8057","1":"product","2":"type-product","3":"status-publish","4":"has-post-thumbnail","6":"product_cat-valves","7":"product_cat-water-meter","9":"first","10":"instock","11":"shipping-taxable","12":"product-type-simple"},"_links":{"self":[{"href":"https:\/\/niagarapumps.ca\/fr\/wp-json\/wp\/v2\/product\/8057","targetHints":{"allow":["GET"]}}],"collection":[{"href":"https:\/\/niagarapumps.ca\/fr\/wp-json\/wp\/v2\/product"}],"about":[{"href":"https:\/\/niagarapumps.ca\/fr\/wp-json\/wp\/v2\/types\/product"}],"wp:featuredmedia":[{"embeddable":true,"href":"https:\/\/niagarapumps.ca\/fr\/wp-json\/wp\/v2\/media\/8058"}],"wp:attachment":[{"href":"https:\/\/niagarapumps.ca\/fr\/wp-json\/wp\/v2\/media?parent=8057"}],"wp:term":[{"taxonomy":"product_brand","embeddable":true,"href":"https:\/\/niagarapumps.ca\/fr\/wp-json\/wp\/v2\/product_brand?post=8057"},{"taxonomy":"product_cat","embeddable":true,"href":"https:\/\/niagarapumps.ca\/fr\/wp-json\/wp\/v2\/product_cat?post=8057"},{"taxonomy":"product_tag","embeddable":true,"href":"https:\/\/niagarapumps.ca\/fr\/wp-json\/wp\/v2\/product_tag?post=8057"}],"curies":[{"name":"wp","href":"https:\/\/api.w.org\/{rel}","templated":true}]}}