{"id":8059,"date":"2025-12-20T11:32:57","date_gmt":"2025-12-20T11:32:57","guid":{"rendered":"https:\/\/niagarapumps.ca\/?post_type=product&#038;p=8059"},"modified":"2025-12-20T11:57:37","modified_gmt":"2025-12-20T11:57:37","slug":"niagara-water-meter-model-wj-ls","status":"publish","type":"product","link":"https:\/\/niagarapumps.ca\/fr\/product\/niagara-water-meter-model-wj-ls\/","title":{"rendered":"NIAGARA WATER METER - Mod\u00e8le WJ-LS"},"content":{"rendered":"<p data-start=\"146\" data-end=\"406\">Ce compteur d'eau est con\u00e7u avec des pi\u00e8ces en contact avec le fluide soigneusement s\u00e9lectionn\u00e9es pour offrir une r\u00e9sistance \u00e9lev\u00e9e \u00e0 la corrosion. Le corps en fer est recouvert d'\u00e9poxy sur les surfaces int\u00e9rieures et ext\u00e9rieures, ce qui garantit une protection efficace contre la corrosion et une durabilit\u00e9 \u00e0 long terme.<\/p>\n<p data-start=\"408\" data-end=\"750\">Le registre indicateur rotatif permet une lecture confortable et claire \u00e0 partir de diff\u00e9rentes positions d'installation. La bo\u00eete en cuivre supporte un registre super sec avec une protection IP68. Le m\u00e9canisme de mesure interchangeable et amovible peut \u00eatre facilement retir\u00e9 du corps pour l'inspection, l'entretien ou le remplacement sans d\u00e9monter la canalisation.<\/p>\n<p data-start=\"752\" data-end=\"970\">Le compteur peut \u00eatre install\u00e9 dans n'importe quelle position d'\u00e9coulement, fonctionne avec une faible perte de pression et n'est pas affect\u00e9 par les champs magn\u00e9tiques externes. Une sortie d'impulsion est toujours disponible en option pour les applications de surveillance et de contr\u00f4le.<\/p>\n<p data-start=\"972\" data-end=\"1001\"><strong data-start=\"972\" data-end=\"1001\">Sp\u00e9cifications techniques :<\/strong><\/p>\n<ul data-start=\"1002\" data-end=\"1245\">\n<li data-start=\"1002\" data-end=\"1088\">\n<p data-start=\"1004\" data-end=\"1088\">Taille (mm) : 40 \/ 50 \/ 65 \/ 80 \/ 100 \/ 125 \/ 150 \/ 200 \/ 300 \/ 350 \/ 400 \/ 500 \/ 600<\/p>\n<\/li>\n<li data-start=\"1089\" data-end=\"1194\">\n<p data-start=\"1091\" data-end=\"1105\">Qmax (m\u00b3\/h) :<\/p>\n<ul data-start=\"1108\" data-end=\"1194\">\n<li data-start=\"1108\" data-end=\"1194\">\n<p data-start=\"1110\" data-end=\"1194\">20 \/ 30 \/ 50 \/ 80 \/ 120 \/ 200 \/ 300 \/ 500 \/ 800 \/ 1200 \/ 1600 \/ 2000 \/ 3000 \/ 6000<\/p>\n<\/li>\n<\/ul>\n<\/li>\n<li data-start=\"1195\" data-end=\"1218\">\n<p data-start=\"1197\" data-end=\"1218\">Pression max. Pression : PN16<\/p>\n<\/li>\n<li data-start=\"1219\" data-end=\"1245\">\n<p data-start=\"1221\" data-end=\"1245\">Temp\u00e9rature max. Temp\u00e9rature max : 50\u00b0C<\/p>\n<\/li>\n<\/ul>","protected":false},"excerpt":{"rendered":"<p data-start=\"1247\" data-end=\"1456\">Compteur d'eau m\u00e9canique \u00e0 brides avec corps en fer rev\u00eatu d'\u00e9poxy, registre sec IP68 et m\u00e9canisme de mesure amovible, adapt\u00e9 aux canalisations de grand diam\u00e8tre et aux r\u00e9seaux de distribution d'eau.<\/p>","protected":false},"featured_media":8060,"template":"","meta":{"content-type":""},"product_brand":[],"product_cat":[115,293],"product_tag":[],"class_list":{"0":"post-8059","1":"product","2":"type-product","3":"status-publish","4":"has-post-thumbnail","6":"product_cat-valves","7":"product_cat-water-meter","9":"first","10":"instock","11":"shipping-taxable","12":"product-type-simple"},"_links":{"self":[{"href":"https:\/\/niagarapumps.ca\/fr\/wp-json\/wp\/v2\/product\/8059","targetHints":{"allow":["GET"]}}],"collection":[{"href":"https:\/\/niagarapumps.ca\/fr\/wp-json\/wp\/v2\/product"}],"about":[{"href":"https:\/\/niagarapumps.ca\/fr\/wp-json\/wp\/v2\/types\/product"}],"wp:featuredmedia":[{"embeddable":true,"href":"https:\/\/niagarapumps.ca\/fr\/wp-json\/wp\/v2\/media\/8060"}],"wp:attachment":[{"href":"https:\/\/niagarapumps.ca\/fr\/wp-json\/wp\/v2\/media?parent=8059"}],"wp:term":[{"taxonomy":"product_brand","embeddable":true,"href":"https:\/\/niagarapumps.ca\/fr\/wp-json\/wp\/v2\/product_brand?post=8059"},{"taxonomy":"product_cat","embeddable":true,"href":"https:\/\/niagarapumps.ca\/fr\/wp-json\/wp\/v2\/product_cat?post=8059"},{"taxonomy":"product_tag","embeddable":true,"href":"https:\/\/niagarapumps.ca\/fr\/wp-json\/wp\/v2\/product_tag?post=8059"}],"curies":[{"name":"wp","href":"https:\/\/api.w.org\/{rel}","templated":true}]}}