{"id":8061,"date":"2025-12-20T11:40:52","date_gmt":"2025-12-20T11:40:52","guid":{"rendered":"https:\/\/niagarapumps.ca\/?post_type=product&#038;p=8061"},"modified":"2026-02-08T13:52:54","modified_gmt":"2026-02-08T13:52:54","slug":"niagara-water-meter-model-btld","status":"publish","type":"product","link":"https:\/\/niagarapumps.ca\/fr\/product\/niagara-water-meter-model-btld\/","title":{"rendered":"NIAGARA WATER METER - Mod\u00e8le BTLD"},"content":{"rendered":"<p data-start=\"147\" data-end=\"441\">Ce d\u00e9bitm\u00e8tre \u00e9lectromagn\u00e9tique est con\u00e7u pour des mesures stables et de haute pr\u00e9cision avec une perte de pression minimale. Il prend en charge la mesure bidirectionnelle du d\u00e9bit en utilisant la technologie de mesure du froid et de la chaleur du calorim\u00e8tre \u00e9lectromagn\u00e9tique, ce qui garantit des performances fiables dans diverses conditions d'exploitation.<\/p>\n<p data-start=\"443\" data-end=\"769\">La pr\u00e9cision de la mesure n'est pas affect\u00e9e par la densit\u00e9, la viscosit\u00e9, la temp\u00e9rature, la pression ou la conductivit\u00e9 du fluide. L'appareil prend en charge plusieurs options de sortie et de communication, notamment 4-20 mA, impulsion, RS485-MODBUS, RS232, HART, GPRS et Profibus.<br data-start=\"684\" data-end=\"687\" \/>L'\u00e9cran LCD r\u00e9tro\u00e9clair\u00e9 permet une lecture claire dans les environnements lumineux et sombres.<\/p>\n<p data-start=\"771\" data-end=\"1070\">Le syst\u00e8me de mesure bidirectionnel comprend trois totalisateurs int\u00e9gr\u00e9s : d\u00e9bit positif, d\u00e9bit inverse et diff\u00e9rence totale de d\u00e9bit. Le convertisseur prend en charge les alarmes d'autodiagnostic, les alarmes de d\u00e9tection de non-charge, les alarmes de limite de d\u00e9bit sup\u00e9rieure et inf\u00e9rieure, le contr\u00f4le des lots (personnalisable) et d'autres fonctions de sortie d'alarme.<\/p>\n<p data-start=\"1072\" data-end=\"1101\"><strong data-start=\"1072\" data-end=\"1101\">Sp\u00e9cifications techniques :<\/strong><\/p>\n<ul data-start=\"1102\" data-end=\"1419\">\n<li data-start=\"1102\" data-end=\"1139\">\n<p data-start=\"1104\" data-end=\"1139\">Diam\u00e8tre nominal : DN6 - DN3000 mm<\/p>\n<\/li>\n<li data-start=\"1140\" data-end=\"1252\">\n<p data-start=\"1142\" data-end=\"1160\">Mat\u00e9riaux de la doublure :<\/p>\n<ul data-start=\"1163\" data-end=\"1252\">\n<li data-start=\"1163\" data-end=\"1177\">\n<p data-start=\"1165\" data-end=\"1177\">CR (&lt;60\u00b0C)<\/p>\n<\/li>\n<li data-start=\"1180\" data-end=\"1194\">\n<p data-start=\"1182\" data-end=\"1194\">PU (&lt;80\u00b0C)<\/p>\n<\/li>\n<li data-start=\"1197\" data-end=\"1214\">\n<p data-start=\"1199\" data-end=\"1214\">PTFE (&lt;120\u00b0C)<\/p>\n<\/li>\n<li data-start=\"1217\" data-end=\"1233\">\n<p data-start=\"1219\" data-end=\"1233\">F46 (&lt;180\u00b0C)<\/p>\n<\/li>\n<li data-start=\"1236\" data-end=\"1252\">\n<p data-start=\"1238\" data-end=\"1252\">FPM (&lt;180\u00b0C)<\/p>\n<\/li>\n<\/ul>\n<\/li>\n<li data-start=\"1253\" data-end=\"1317\">\n<p data-start=\"1255\" data-end=\"1317\">Pression nominale : 0,6 - 4,0 MPa (pression sup\u00e9rieure personnalisable)<\/p>\n<\/li>\n<li data-start=\"1318\" data-end=\"1344\">\n<p data-start=\"1320\" data-end=\"1344\">Perte de charge (\u0394P) : 63<\/p>\n<\/li>\n<li data-start=\"1345\" data-end=\"1385\">\n<p data-start=\"1347\" data-end=\"1385\">Plage de pression nominale : 0,6 - 42 MPa<\/p>\n<\/li>\n<li data-start=\"1386\" data-end=\"1419\">\n<p data-start=\"1388\" data-end=\"1419\">Classe de protection : IP65 \/ IP68<\/p>\n<\/li>\n<\/ul>","protected":false},"excerpt":{"rendered":"<p data-start=\"1421\" data-end=\"1646\">D\u00e9bitm\u00e8tre \u00e9lectromagn\u00e9tique de haute pr\u00e9cision avec mesure bidirectionnelle, larges options de communication et protection IP65\/IP68, adapt\u00e9 au contr\u00f4le des processus industriels et aux applications de traitement de l'eau.<\/p>","protected":false},"featured_media":8131,"template":"","meta":{"content-type":""},"product_brand":[],"product_cat":[115,293],"product_tag":[],"class_list":{"0":"post-8061","1":"product","2":"type-product","3":"status-publish","4":"has-post-thumbnail","6":"product_cat-valves","7":"product_cat-water-meter","9":"first","10":"instock","11":"shipping-taxable","12":"product-type-simple"},"_links":{"self":[{"href":"https:\/\/niagarapumps.ca\/fr\/wp-json\/wp\/v2\/product\/8061","targetHints":{"allow":["GET"]}}],"collection":[{"href":"https:\/\/niagarapumps.ca\/fr\/wp-json\/wp\/v2\/product"}],"about":[{"href":"https:\/\/niagarapumps.ca\/fr\/wp-json\/wp\/v2\/types\/product"}],"wp:featuredmedia":[{"embeddable":true,"href":"https:\/\/niagarapumps.ca\/fr\/wp-json\/wp\/v2\/media\/8131"}],"wp:attachment":[{"href":"https:\/\/niagarapumps.ca\/fr\/wp-json\/wp\/v2\/media?parent=8061"}],"wp:term":[{"taxonomy":"product_brand","embeddable":true,"href":"https:\/\/niagarapumps.ca\/fr\/wp-json\/wp\/v2\/product_brand?post=8061"},{"taxonomy":"product_cat","embeddable":true,"href":"https:\/\/niagarapumps.ca\/fr\/wp-json\/wp\/v2\/product_cat?post=8061"},{"taxonomy":"product_tag","embeddable":true,"href":"https:\/\/niagarapumps.ca\/fr\/wp-json\/wp\/v2\/product_tag?post=8061"}],"curies":[{"name":"wp","href":"https:\/\/api.w.org\/{rel}","templated":true}]}}