{"id":8065,"date":"2025-12-20T12:02:10","date_gmt":"2025-12-20T12:02:10","guid":{"rendered":"https:\/\/niagarapumps.ca\/?post_type=product&#038;p=8065"},"modified":"2025-12-20T12:02:10","modified_gmt":"2025-12-20T12:02:10","slug":"niagara-water-hammer-arrestor-model-nha1lf","status":"publish","type":"product","link":"https:\/\/niagarapumps.ca\/fr\/product\/niagara-water-hammer-arrestor-model-nha1lf\/","title":{"rendered":"NIAGARA WATER HAMMER ARRESTOR - Mod\u00e8le NHA1LF"},"content":{"rendered":"<p data-start=\"160\" data-end=\"484\">Ce dispositif anti-b\u00e9lier est con\u00e7u pour \u00e9viter les bruits de claquement et prot\u00e9ger les tuyaux et les appareils des dommages caus\u00e9s par les chocs de pression de l'eau. Il est dot\u00e9 d'une chambre \u00e0 air pr\u00e9charg\u00e9e et scell\u00e9e en permanence qui absorbe efficacement les coups de b\u00e9lier, emp\u00eache la perte d'air dans l'eau et garantit des performances durables et sans probl\u00e8me.<\/p>\n<p data-start=\"486\" data-end=\"747\">La conception du piston sans entretien utilise le piston comme seule pi\u00e8ce mobile, ce qui r\u00e9duit l'usure et garantit un fonctionnement fiable. L'unit\u00e9 est \u00e9quip\u00e9e d'un adaptateur NPT en laiton \u00e0 hexagone solide ou d'un raccord \u00e0 souder, permettant une installation facile dans divers syst\u00e8mes de plomberie.<\/p>\n<p data-start=\"749\" data-end=\"778\"><strong data-start=\"749\" data-end=\"778\">Sp\u00e9cifications techniques :<\/strong><\/p>\n<ul data-start=\"779\" data-end=\"880\">\n<li data-start=\"779\" data-end=\"827\">\n<p data-start=\"781\" data-end=\"827\">Pression de fonctionnement : jusqu'\u00e0 10,6 bars (150 psi)<\/p>\n<\/li>\n<li data-start=\"828\" data-end=\"880\">\n<p data-start=\"830\" data-end=\"880\">Plage de temp\u00e9rature : 33\u00b0F \u00e0 180\u00b0F (0,5\u00b0C \u00e0 82\u00b0C)<\/p>\n<\/li>\n<\/ul>\n<p data-start=\"882\" data-end=\"896\"><strong data-start=\"882\" data-end=\"896\">Mat\u00e9riaux :<\/strong><\/p>\n<ul data-start=\"897\" data-end=\"994\">\n<li data-start=\"897\" data-end=\"913\">\n<p data-start=\"899\" data-end=\"913\">Corps : Cuivre<\/p>\n<\/li>\n<li data-start=\"914\" data-end=\"939\">\n<p data-start=\"916\" data-end=\"939\">Piston : Polypropyl\u00e8ne<\/p>\n<\/li>\n<li data-start=\"940\" data-end=\"977\">\n<p data-start=\"942\" data-end=\"977\">Adaptateur filet\u00e9 : Laiton sans plomb<\/p>\n<\/li>\n<li data-start=\"978\" data-end=\"994\">\n<p data-start=\"980\" data-end=\"994\">Joint torique : EPDM<\/p>\n<\/li>\n<\/ul>","protected":false},"excerpt":{"rendered":"<p data-start=\"996\" data-end=\"1217\">Anti-b\u00e9lier compact en cuivre avec chambre \u00e0 air \u00e9tanche et piston sans entretien, offrant une protection efficace contre les coups de b\u00e9lier dans les syst\u00e8mes de plomberie domestiques et commerciaux.<\/p>","protected":false},"featured_media":8066,"template":"","meta":{"content-type":""},"product_brand":[],"product_cat":[115,572],"product_tag":[],"class_list":{"0":"post-8065","1":"product","2":"type-product","3":"status-publish","4":"has-post-thumbnail","6":"product_cat-valves","7":"product_cat-water-hammer-arrestor","9":"first","10":"instock","11":"shipping-taxable","12":"product-type-simple"},"_links":{"self":[{"href":"https:\/\/niagarapumps.ca\/fr\/wp-json\/wp\/v2\/product\/8065","targetHints":{"allow":["GET"]}}],"collection":[{"href":"https:\/\/niagarapumps.ca\/fr\/wp-json\/wp\/v2\/product"}],"about":[{"href":"https:\/\/niagarapumps.ca\/fr\/wp-json\/wp\/v2\/types\/product"}],"wp:featuredmedia":[{"embeddable":true,"href":"https:\/\/niagarapumps.ca\/fr\/wp-json\/wp\/v2\/media\/8066"}],"wp:attachment":[{"href":"https:\/\/niagarapumps.ca\/fr\/wp-json\/wp\/v2\/media?parent=8065"}],"wp:term":[{"taxonomy":"product_brand","embeddable":true,"href":"https:\/\/niagarapumps.ca\/fr\/wp-json\/wp\/v2\/product_brand?post=8065"},{"taxonomy":"product_cat","embeddable":true,"href":"https:\/\/niagarapumps.ca\/fr\/wp-json\/wp\/v2\/product_cat?post=8065"},{"taxonomy":"product_tag","embeddable":true,"href":"https:\/\/niagarapumps.ca\/fr\/wp-json\/wp\/v2\/product_tag?post=8065"}],"curies":[{"name":"wp","href":"https:\/\/api.w.org\/{rel}","templated":true}]}}