{"id":8067,"date":"2025-12-20T12:05:36","date_gmt":"2025-12-20T12:05:36","guid":{"rendered":"https:\/\/niagarapumps.ca\/?post_type=product&#038;p=8067"},"modified":"2025-12-20T12:05:36","modified_gmt":"2025-12-20T12:05:36","slug":"anti-belier-niagara-modele-nha2lf","status":"publish","type":"product","link":"https:\/\/niagarapumps.ca\/fr\/product\/niagara-water-hammer-arrestor-model-nha2lf\/","title":{"rendered":"NIAGARA WATER HAMMER ARRESTOR - Mod\u00e8le NHA2LF"},"content":{"rendered":"<p data-start=\"160\" data-end=\"441\">Ce dispositif anti-b\u00e9lier est con\u00e7u pour \u00e9viter les bruits de claquement et prot\u00e9ger les canalisations et les appareils des dommages caus\u00e9s par les chocs de pression de l'eau. Il est dot\u00e9 d'une chambre charg\u00e9e d'air en usine qui est scell\u00e9e de fa\u00e7on permanente et non rechargeable, ce qui garantit un fonctionnement fiable et sans entretien.<\/p>\n<p data-start=\"443\" data-end=\"657\">L'unit\u00e9 convient aux applications r\u00e9sidentielles et commerciales l\u00e9g\u00e8res et peut \u00eatre install\u00e9e verticalement, horizontalement ou dans n'importe quel angle. Sa conception compacte permet de l'int\u00e9grer facilement dans les syst\u00e8mes de plomberie existants.<\/p>\n<p data-start=\"659\" data-end=\"688\"><strong data-start=\"659\" data-end=\"688\">Sp\u00e9cifications techniques :<\/strong><\/p>\n<ul data-start=\"689\" data-end=\"813\">\n<li data-start=\"689\" data-end=\"711\">\n<p data-start=\"691\" data-end=\"711\">Tailles : 3\/8\u2033 - 3\/4\u2033<\/p>\n<\/li>\n<li data-start=\"712\" data-end=\"760\">\n<p data-start=\"714\" data-end=\"760\">Pression de fonctionnement : jusqu'\u00e0 10,3 bars (150 psi)<\/p>\n<\/li>\n<li data-start=\"761\" data-end=\"813\">\n<p data-start=\"763\" data-end=\"813\">Plage de temp\u00e9rature : 33\u00b0F \u00e0 180\u00b0F (0,6\u00b0C \u00e0 82\u00b0C)<\/p>\n<\/li>\n<\/ul>","protected":false},"excerpt":{"rendered":"<p data-start=\"815\" data-end=\"1009\">Anti-b\u00e9lier sans entretien avec chambre \u00e0 air \u00e9tanche, con\u00e7u pour absorber les chocs de pression et r\u00e9duire le bruit dans les syst\u00e8mes de plomberie r\u00e9sidentiels et commerciaux l\u00e9gers.<\/p>","protected":false},"featured_media":8068,"template":"","meta":{"content-type":""},"product_brand":[],"product_cat":[572,115],"product_tag":[],"class_list":{"0":"post-8067","1":"product","2":"type-product","3":"status-publish","4":"has-post-thumbnail","6":"product_cat-water-hammer-arrestor","7":"product_cat-valves","9":"first","10":"instock","11":"shipping-taxable","12":"product-type-simple"},"_links":{"self":[{"href":"https:\/\/niagarapumps.ca\/fr\/wp-json\/wp\/v2\/product\/8067","targetHints":{"allow":["GET"]}}],"collection":[{"href":"https:\/\/niagarapumps.ca\/fr\/wp-json\/wp\/v2\/product"}],"about":[{"href":"https:\/\/niagarapumps.ca\/fr\/wp-json\/wp\/v2\/types\/product"}],"wp:featuredmedia":[{"embeddable":true,"href":"https:\/\/niagarapumps.ca\/fr\/wp-json\/wp\/v2\/media\/8068"}],"wp:attachment":[{"href":"https:\/\/niagarapumps.ca\/fr\/wp-json\/wp\/v2\/media?parent=8067"}],"wp:term":[{"taxonomy":"product_brand","embeddable":true,"href":"https:\/\/niagarapumps.ca\/fr\/wp-json\/wp\/v2\/product_brand?post=8067"},{"taxonomy":"product_cat","embeddable":true,"href":"https:\/\/niagarapumps.ca\/fr\/wp-json\/wp\/v2\/product_cat?post=8067"},{"taxonomy":"product_tag","embeddable":true,"href":"https:\/\/niagarapumps.ca\/fr\/wp-json\/wp\/v2\/product_tag?post=8067"}],"curies":[{"name":"wp","href":"https:\/\/api.w.org\/{rel}","templated":true}]}}