{"id":8069,"date":"2025-12-20T12:09:34","date_gmt":"2025-12-20T12:09:34","guid":{"rendered":"https:\/\/niagarapumps.ca\/?post_type=product&#038;p=8069"},"modified":"2025-12-20T12:09:34","modified_gmt":"2025-12-20T12:09:34","slug":"niagara-water-hammer-arrestor-model-nha1","status":"publish","type":"product","link":"https:\/\/niagarapumps.ca\/fr\/product\/niagara-water-hammer-arrestor-model-nha1\/","title":{"rendered":"NIAGARA WATER HAMMER ARRESTOR - Mod\u00e8le NHA1"},"content":{"rendered":"<p data-start=\"158\" data-end=\"395\">Cet anti-b\u00e9lier est charg\u00e9 d'air en usine \u00e0 4,2 bars (60 psi) et est scell\u00e9 de fa\u00e7on permanente, ce qui fait qu'il n'est pas rechargeable sur le terrain. Il est con\u00e7u pour prot\u00e9ger les syst\u00e8mes de tuyauterie et les appareils des dommages caus\u00e9s par les chocs de pression d'eau.<\/p>\n<p data-start=\"397\" data-end=\"645\">L'unit\u00e9 est \u00e9quip\u00e9e d'un adaptateur hexagonal NPT en laiton massif pour faciliter l'installation et est approuv\u00e9e par ASSE, ANSI et PDI, ainsi que r\u00e9pertori\u00e9e par UPC. Il peut \u00eatre install\u00e9 dans des endroits dissimul\u00e9s sans n\u00e9cessiter de panneaux d'acc\u00e8s, ce qui offre une grande souplesse dans la conception du syst\u00e8me.<\/p>\n<p data-start=\"647\" data-end=\"676\"><strong data-start=\"647\" data-end=\"676\">Sp\u00e9cifications techniques :<\/strong><\/p>\n<ul data-start=\"677\" data-end=\"810\">\n<li data-start=\"677\" data-end=\"708\">\n<p data-start=\"679\" data-end=\"708\">Tailles : 1\/2\u2033 - 1\u2033 (15-25 mm)<\/p>\n<\/li>\n<li data-start=\"709\" data-end=\"757\">\n<p data-start=\"711\" data-end=\"757\">Pression de fonctionnement : jusqu'\u00e0 10,6 bars (150 psi)<\/p>\n<\/li>\n<li data-start=\"758\" data-end=\"810\">\n<p data-start=\"760\" data-end=\"810\">Plage de temp\u00e9rature : 33\u00b0F \u00e0 180\u00b0F (0,5\u00b0C \u00e0 82\u00b0C)<\/p>\n<\/li>\n<\/ul>\n<p data-start=\"812\" data-end=\"826\"><strong data-start=\"812\" data-end=\"826\">Mat\u00e9riaux :<\/strong><\/p>\n<ul data-start=\"827\" data-end=\"912\">\n<li data-start=\"827\" data-end=\"850\">\n<p data-start=\"829\" data-end=\"850\">Corps : Tube en cuivre<\/p>\n<\/li>\n<li data-start=\"851\" data-end=\"876\">\n<p data-start=\"853\" data-end=\"876\">Piston : Polypropyl\u00e8ne<\/p>\n<\/li>\n<li data-start=\"877\" data-end=\"895\">\n<p data-start=\"879\" data-end=\"895\">Adaptateur : Laiton<\/p>\n<\/li>\n<li data-start=\"896\" data-end=\"912\">\n<p data-start=\"898\" data-end=\"912\">Joint torique : EPDM<\/p>\n<\/li>\n<\/ul>","protected":false},"excerpt":{"rendered":"<p data-start=\"914\" data-end=\"1100\">Anti-b\u00e9lier compact, sans entretien, avec charge d'air scell\u00e9e en usine, convenant aux installations dissimul\u00e9es dans les syst\u00e8mes de plomberie domestiques et commerciaux.<\/p>","protected":false},"featured_media":8070,"template":"","meta":{"content-type":""},"product_brand":[],"product_cat":[572,115],"product_tag":[],"class_list":{"0":"post-8069","1":"product","2":"type-product","3":"status-publish","4":"has-post-thumbnail","6":"product_cat-water-hammer-arrestor","7":"product_cat-valves","9":"first","10":"instock","11":"shipping-taxable","12":"product-type-simple"},"_links":{"self":[{"href":"https:\/\/niagarapumps.ca\/fr\/wp-json\/wp\/v2\/product\/8069","targetHints":{"allow":["GET"]}}],"collection":[{"href":"https:\/\/niagarapumps.ca\/fr\/wp-json\/wp\/v2\/product"}],"about":[{"href":"https:\/\/niagarapumps.ca\/fr\/wp-json\/wp\/v2\/types\/product"}],"wp:featuredmedia":[{"embeddable":true,"href":"https:\/\/niagarapumps.ca\/fr\/wp-json\/wp\/v2\/media\/8070"}],"wp:attachment":[{"href":"https:\/\/niagarapumps.ca\/fr\/wp-json\/wp\/v2\/media?parent=8069"}],"wp:term":[{"taxonomy":"product_brand","embeddable":true,"href":"https:\/\/niagarapumps.ca\/fr\/wp-json\/wp\/v2\/product_brand?post=8069"},{"taxonomy":"product_cat","embeddable":true,"href":"https:\/\/niagarapumps.ca\/fr\/wp-json\/wp\/v2\/product_cat?post=8069"},{"taxonomy":"product_tag","embeddable":true,"href":"https:\/\/niagarapumps.ca\/fr\/wp-json\/wp\/v2\/product_tag?post=8069"}],"curies":[{"name":"wp","href":"https:\/\/api.w.org\/{rel}","templated":true}]}}