{"id":8071,"date":"2025-12-20T12:15:01","date_gmt":"2025-12-20T12:15:01","guid":{"rendered":"https:\/\/niagarapumps.ca\/?post_type=product&#038;p=8071"},"modified":"2025-12-20T12:15:01","modified_gmt":"2025-12-20T12:15:01","slug":"niagara-water-hammer-arrestor-model-wha","status":"publish","type":"product","link":"https:\/\/niagarapumps.ca\/fr\/product\/niagara-water-hammer-arrestor-model-wha\/","title":{"rendered":"NIAGARA WATER HAMMER ARRESTOR - Mod\u00e8le WHA"},"content":{"rendered":"<p data-start=\"157\" data-end=\"438\">Ce dispositif anti-b\u00e9lier est fabriqu\u00e9 \u00e0 partir d'un tube en cuivre T2 (type L) de qualit\u00e9 sup\u00e9rieure et de raccords en laiton sans plomb, ce qui garantit sa durabilit\u00e9 et la fiabilit\u00e9 de ses performances. Les raccords en laiton forg\u00e9 et le piston en POM approuv\u00e9 par la NSF permettent d'absorber efficacement les chocs de pression dans les syst\u00e8mes d'eau.<\/p>\n<p data-start=\"440\" data-end=\"718\">La surface polie et vernie conserve une brillance permanente et r\u00e9siste \u00e0 la corrosion et \u00e0 la rouille. Les joints toriques approuv\u00e9s par la NSF et le lubrifiant \u00e0 base de silicone approuv\u00e9 par la FDA garantissent un fonctionnement en douceur et une longue dur\u00e9e de vie. La soudure sans plomb renforce encore la s\u00e9curit\u00e9 et la conformit\u00e9.<\/p>\n<p data-start=\"720\" data-end=\"749\"><strong data-start=\"720\" data-end=\"749\">Sp\u00e9cifications techniques :<\/strong><\/p>\n<ul data-start=\"750\" data-end=\"972\">\n<li data-start=\"750\" data-end=\"800\">\n<p data-start=\"752\" data-end=\"800\">Tailles de connexion : 1\/2\u2033 NPT \/ 3\/4\u2033 NPT \/ 1\u2033 NPT<\/p>\n<\/li>\n<li data-start=\"801\" data-end=\"827\">\n<p data-start=\"803\" data-end=\"827\">Pression max. Pression : 400 psi<\/p>\n<\/li>\n<li data-start=\"828\" data-end=\"862\">\n<p data-start=\"830\" data-end=\"862\">Pression de fonctionnement : 0 - 60 psi<\/p>\n<\/li>\n<li data-start=\"863\" data-end=\"888\">\n<p data-start=\"865\" data-end=\"888\">Milieu de travail : Eau<\/p>\n<\/li>\n<li data-start=\"889\" data-end=\"926\">\n<p data-start=\"891\" data-end=\"926\">Temp\u00e9rature de fonctionnement : 33\u00b0F - 180\u00b0F<\/p>\n<\/li>\n<li data-start=\"927\" data-end=\"972\">\n<p data-start=\"929\" data-end=\"972\">Type de filetage : NPT \/ BSPT \/ BSP Filetage m\u00e2le<\/p>\n<\/li>\n<\/ul>","protected":false},"excerpt":{"rendered":"<p data-start=\"974\" data-end=\"1182\">Anti-b\u00e9lier en cuivre de haute qualit\u00e9 avec raccords en laiton forg\u00e9 et composants homologu\u00e9s NSF, con\u00e7u pour absorber efficacement les coups de b\u00e9lier et prot\u00e9ger les syst\u00e8mes d'alimentation en eau contre les dommages.<\/p>","protected":false},"featured_media":8072,"template":"","meta":{"content-type":""},"product_brand":[],"product_cat":[572,115],"product_tag":[],"class_list":{"0":"post-8071","1":"product","2":"type-product","3":"status-publish","4":"has-post-thumbnail","6":"product_cat-water-hammer-arrestor","7":"product_cat-valves","9":"first","10":"instock","11":"shipping-taxable","12":"product-type-simple"},"_links":{"self":[{"href":"https:\/\/niagarapumps.ca\/fr\/wp-json\/wp\/v2\/product\/8071","targetHints":{"allow":["GET"]}}],"collection":[{"href":"https:\/\/niagarapumps.ca\/fr\/wp-json\/wp\/v2\/product"}],"about":[{"href":"https:\/\/niagarapumps.ca\/fr\/wp-json\/wp\/v2\/types\/product"}],"wp:featuredmedia":[{"embeddable":true,"href":"https:\/\/niagarapumps.ca\/fr\/wp-json\/wp\/v2\/media\/8072"}],"wp:attachment":[{"href":"https:\/\/niagarapumps.ca\/fr\/wp-json\/wp\/v2\/media?parent=8071"}],"wp:term":[{"taxonomy":"product_brand","embeddable":true,"href":"https:\/\/niagarapumps.ca\/fr\/wp-json\/wp\/v2\/product_brand?post=8071"},{"taxonomy":"product_cat","embeddable":true,"href":"https:\/\/niagarapumps.ca\/fr\/wp-json\/wp\/v2\/product_cat?post=8071"},{"taxonomy":"product_tag","embeddable":true,"href":"https:\/\/niagarapumps.ca\/fr\/wp-json\/wp\/v2\/product_tag?post=8071"}],"curies":[{"name":"wp","href":"https:\/\/api.w.org\/{rel}","templated":true}]}}