{"id":8114,"date":"2026-01-27T12:35:12","date_gmt":"2026-01-27T12:35:12","guid":{"rendered":"https:\/\/niagarapumps.ca\/?post_type=product&#038;p=8114"},"modified":"2026-01-29T18:22:52","modified_gmt":"2026-01-29T18:22:52","slug":"niagara-ultrasonic-water-meter-model-nswm-1","status":"publish","type":"product","link":"https:\/\/niagarapumps.ca\/fr\/product\/niagara-ultrasonic-water-meter-model-nswm-1\/","title":{"rendered":"Compteur d'eau \u00e0 ultrasons NIAGARA - Mod\u00e8le NSWM-1"},"content":{"rendered":"<h3 data-start=\"965\" data-end=\"989\"><strong data-start=\"969\" data-end=\"989\">Caract\u00e9ristiques du produit<\/strong><\/h3>\n<ul data-start=\"991\" data-end=\"1348\">\n<li data-start=\"991\" data-end=\"1049\">\n<p data-start=\"993\" data-end=\"1049\">Technologie de mesure par ultrasons sans pi\u00e8ces mobiles<\/p>\n<\/li>\n<li data-start=\"1050\" data-end=\"1092\">\n<p data-start=\"1052\" data-end=\"1092\">Haute pr\u00e9cision pour la mesure de faibles d\u00e9bits<\/p>\n<\/li>\n<li data-start=\"1093\" data-end=\"1141\">\n<p data-start=\"1095\" data-end=\"1141\">Longue dur\u00e9e de vie et faible consommation d'\u00e9nergie<\/p>\n<\/li>\n<li data-start=\"1142\" data-end=\"1177\">\n<p data-start=\"1144\" data-end=\"1177\">Immunis\u00e9 contre les interf\u00e9rences magn\u00e9tiques<\/p>\n<\/li>\n<li data-start=\"1178\" data-end=\"1218\">\n<p data-start=\"1180\" data-end=\"1218\">\u00c9cran LCD avec plusieurs pages de donn\u00e9es<\/p>\n<\/li>\n<li data-start=\"1219\" data-end=\"1262\">\n<p data-start=\"1221\" data-end=\"1262\">Structure compacte pour une installation facile<\/p>\n<\/li>\n<li data-start=\"1263\" data-end=\"1317\">\n<p data-start=\"1265\" data-end=\"1317\">Prise en charge de la communication intelligente pour les syst\u00e8mes AMR \/ AMI<\/p>\n<\/li>\n<li data-start=\"1318\" data-end=\"1348\">\n<p data-start=\"1320\" data-end=\"1348\">Protection \u00e9tanche IP68<\/p>\n<\/li>\n<\/ul>\n<h3 data-start=\"1355\" data-end=\"1377\"><strong data-start=\"1359\" data-end=\"1377\">Donn\u00e9es techniques<\/strong><\/h3>\n<p data-start=\"1379\" data-end=\"1398\"><strong data-start=\"1379\" data-end=\"1396\">\u00a0 \u00a0Taille nominale :<\/strong><\/p>\n<ul data-start=\"1399\" data-end=\"1411\">\n<li data-start=\"1399\" data-end=\"1411\">\n<p data-start=\"1401\" data-end=\"1411\">DN15, DN20<\/p>\n<\/li>\n<\/ul>\n<p data-start=\"1413\" data-end=\"1442\"><strong data-start=\"1413\" data-end=\"1440\">\u00a0 \u00a0Technologie de la mesure :<\/strong><\/p>\n<ul data-start=\"1443\" data-end=\"1478\">\n<li data-start=\"1443\" data-end=\"1478\">\n<p data-start=\"1445\" data-end=\"1478\">Principe du temps de transit des ultrasons<\/p>\n<\/li>\n<\/ul>\n<p data-start=\"1480\" data-end=\"1501\"><strong data-start=\"1480\" data-end=\"1499\">\u00a0 \u00a0Classe de pr\u00e9cision :<\/strong><\/p>\n<ul data-start=\"1502\" data-end=\"1511\">\n<li data-start=\"1502\" data-end=\"1511\">\n<p data-start=\"1504\" data-end=\"1511\">Classe 2<\/p>\n<\/li>\n<\/ul>\n<p data-start=\"1513\" data-end=\"1544\"><strong data-start=\"1513\" data-end=\"1542\">\u00a0 \u00a0Pression de service maximale :<\/strong><\/p>\n<ul data-start=\"1545\" data-end=\"1554\">\n<li data-start=\"1545\" data-end=\"1554\">\n<p data-start=\"1547\" data-end=\"1554\">1,6 MPa<\/p>\n<\/li>\n<\/ul>\n<p data-start=\"1556\" data-end=\"1580\"><strong data-start=\"1556\" data-end=\"1578\">\u00a0 \u00a0Classe de temp\u00e9rature :<\/strong><\/p>\n<ul data-start=\"1581\" data-end=\"1653\">\n<li data-start=\"1581\" data-end=\"1653\">\n<p data-start=\"1583\" data-end=\"1653\">T30<br data-start=\"1586\" data-end=\"1589\" \/>(D'autres classes de temp\u00e9rature sont disponibles en fonction de la configuration)<\/p>\n<\/li>\n<\/ul>\n<p data-start=\"1655\" data-end=\"1674\"><strong data-start=\"1655\" data-end=\"1672\">\u00a0 \u00a0Alimentation \u00e9lectrique :<\/strong><\/p>\n<ul data-start=\"1675\" data-end=\"1697\">\n<li data-start=\"1675\" data-end=\"1697\">\n<p data-start=\"1677\" data-end=\"1697\">Pile au lithium de 3,6 V<\/p>\n<\/li>\n<\/ul>\n<p data-start=\"1699\" data-end=\"1726\"><strong data-start=\"1699\" data-end=\"1724\">\u00a0 \u00a0Degr\u00e9 de protection :<\/strong><\/p>\n<ul data-start=\"1727\" data-end=\"1733\">\n<li data-start=\"1727\" data-end=\"1733\">\n<p data-start=\"1729\" data-end=\"1733\">IP68<\/p>\n<\/li>\n<\/ul>\n<p data-start=\"1735\" data-end=\"1763\"><strong data-start=\"1735\" data-end=\"1761\">\u00a0 \u00a0Options de communication :<\/strong><\/p>\n<ul data-start=\"1764\" data-end=\"1820\">\n<li data-start=\"1764\" data-end=\"1775\">\n<p data-start=\"1766\" data-end=\"1775\">LoRaWAN<\/p>\n<\/li>\n<li data-start=\"1776\" data-end=\"1786\">\n<p data-start=\"1778\" data-end=\"1786\">NB-IoT<\/p>\n<\/li>\n<li data-start=\"1787\" data-end=\"1800\">\n<p data-start=\"1789\" data-end=\"1800\">GPRS \/ 4G<\/p>\n<\/li>\n<li data-start=\"1801\" data-end=\"1810\">\n<p data-start=\"1803\" data-end=\"1810\">RS485<\/p>\n<\/li>\n<li data-start=\"1811\" data-end=\"1820\">\n<p data-start=\"1813\" data-end=\"1820\">M-Bus<\/p>\n<\/li>\n<\/ul>\n<h3 data-start=\"1863\" data-end=\"1883\"><strong data-start=\"1867\" data-end=\"1883\">Applications<\/strong><\/h3>\n<ul data-start=\"1885\" data-end=\"2014\">\n<li data-start=\"1885\" data-end=\"1915\">\n<p data-start=\"1887\" data-end=\"1915\">Comptage de l'eau dans les habitations<\/p>\n<\/li>\n<li data-start=\"1916\" data-end=\"1950\">\n<p data-start=\"1918\" data-end=\"1950\">Syst\u00e8mes intelligents de gestion de l'eau<\/p>\n<\/li>\n<li data-start=\"1951\" data-end=\"1973\">\n<p data-start=\"1953\" data-end=\"1973\">Projets AMR \/ AMI<\/p>\n<\/li>\n<li data-start=\"1974\" data-end=\"2014\">\n<p data-start=\"1976\" data-end=\"2014\">R\u00e9seaux d'eau municipaux et de services publics<\/p>\n<\/li>\n<\/ul>","protected":false},"excerpt":{"rendered":"<p>Les <strong data-start=\"2054\" data-end=\"2088\">NSWM-1 Compteur d'eau \u00e0 ultrasons<\/strong> est une solution de comptage de l'eau r\u00e9sidentielle de haute pr\u00e9cision bas\u00e9e sur la technologie des ultrasons. D\u00e9pourvu de pi\u00e8ces mobiles, il garantit une pr\u00e9cision \u00e0 long terme, des performances stables et une maintenance minimale.<br data-start=\"2274\" data-end=\"2277\" \/>Sa conception compacte, sa protection IP68 et ses capacit\u00e9s de communication intelligente font du NSWM-1 un choix id\u00e9al pour les applications modernes de comptage de l'eau et de services publics intelligents.<\/p>","protected":false},"featured_media":8115,"template":"","meta":{"content-type":""},"product_brand":[],"product_cat":[600],"product_tag":[],"class_list":{"0":"post-8114","1":"product","2":"type-product","3":"status-publish","4":"has-post-thumbnail","6":"product_cat-ultrasonic-water-meter","8":"first","9":"instock","10":"shipping-taxable","11":"product-type-simple"},"_links":{"self":[{"href":"https:\/\/niagarapumps.ca\/fr\/wp-json\/wp\/v2\/product\/8114","targetHints":{"allow":["GET"]}}],"collection":[{"href":"https:\/\/niagarapumps.ca\/fr\/wp-json\/wp\/v2\/product"}],"about":[{"href":"https:\/\/niagarapumps.ca\/fr\/wp-json\/wp\/v2\/types\/product"}],"wp:featuredmedia":[{"embeddable":true,"href":"https:\/\/niagarapumps.ca\/fr\/wp-json\/wp\/v2\/media\/8115"}],"wp:attachment":[{"href":"https:\/\/niagarapumps.ca\/fr\/wp-json\/wp\/v2\/media?parent=8114"}],"wp:term":[{"taxonomy":"product_brand","embeddable":true,"href":"https:\/\/niagarapumps.ca\/fr\/wp-json\/wp\/v2\/product_brand?post=8114"},{"taxonomy":"product_cat","embeddable":true,"href":"https:\/\/niagarapumps.ca\/fr\/wp-json\/wp\/v2\/product_cat?post=8114"},{"taxonomy":"product_tag","embeddable":true,"href":"https:\/\/niagarapumps.ca\/fr\/wp-json\/wp\/v2\/product_tag?post=8114"}],"curies":[{"name":"wp","href":"https:\/\/api.w.org\/{rel}","templated":true}]}}