{"id":8121,"date":"2026-01-29T16:51:06","date_gmt":"2026-01-29T16:51:06","guid":{"rendered":"https:\/\/niagarapumps.ca\/?post_type=product&#038;p=8121"},"modified":"2026-01-29T16:58:57","modified_gmt":"2026-01-29T16:58:57","slug":"niagara-ultrasonic-water-meter-model-nswm-2","status":"publish","type":"product","link":"https:\/\/niagarapumps.ca\/fr\/product\/niagara-ultrasonic-water-meter-model-nswm-2\/","title":{"rendered":"Compteur d'eau \u00e0 ultrasons NIAGARA - Mod\u00e8le NSWM-2"},"content":{"rendered":"<h3 data-start=\"254\" data-end=\"278\"><strong data-start=\"258\" data-end=\"278\">Caract\u00e9ristiques du produit<\/strong><\/h3>\n<ul data-start=\"280\" data-end=\"743\">\n<li data-start=\"280\" data-end=\"351\">\n<p data-start=\"282\" data-end=\"351\">Technologie de mesure du temps de transit par ultrasons sans pi\u00e8ces mobiles<\/p>\n<\/li>\n<li data-start=\"352\" data-end=\"399\">\n<p data-start=\"354\" data-end=\"399\">Grande pr\u00e9cision, en particulier pour les faibles d\u00e9bits<\/p>\n<\/li>\n<li data-start=\"400\" data-end=\"448\">\n<p data-start=\"402\" data-end=\"448\">Longue dur\u00e9e de vie et faible consommation d'\u00e9nergie<\/p>\n<\/li>\n<li data-start=\"449\" data-end=\"484\">\n<p data-start=\"451\" data-end=\"484\">Immunis\u00e9 contre les interf\u00e9rences magn\u00e9tiques<\/p>\n<\/li>\n<li data-start=\"485\" data-end=\"536\">\n<p data-start=\"487\" data-end=\"536\">Ecran num\u00e9rique LCD avec informations multi-pages<\/p>\n<\/li>\n<li data-start=\"537\" data-end=\"585\">\n<p data-start=\"539\" data-end=\"585\">Enregistrement des donn\u00e9es et historique int\u00e9gr\u00e9s<\/p>\n<\/li>\n<li data-start=\"586\" data-end=\"639\">\n<p data-start=\"588\" data-end=\"639\">Prise en charge de la lecture \u00e0 distance des compteurs (syst\u00e8mes AMR \/ AMI)<\/p>\n<\/li>\n<li data-start=\"640\" data-end=\"693\">\n<p data-start=\"642\" data-end=\"693\">Protection IP68 pour un fonctionnement immerg\u00e9 \u00e0 long terme<\/p>\n<\/li>\n<li data-start=\"694\" data-end=\"743\">\n<p data-start=\"696\" data-end=\"743\">Permet une installation horizontale et verticale<\/p>\n<\/li>\n<\/ul>\n<h3 data-start=\"750\" data-end=\"772\"><strong data-start=\"754\" data-end=\"772\">Donn\u00e9es techniques<\/strong><\/h3>\n<p data-start=\"774\" data-end=\"793\"><strong data-start=\"774\" data-end=\"791\">\u00a0 \u00a0Taille nominale :<\/strong><\/p>\n<ul data-start=\"794\" data-end=\"809\">\n<li data-start=\"794\" data-end=\"802\">\n<p data-start=\"796\" data-end=\"802\">DN15<\/p>\n<\/li>\n<li data-start=\"803\" data-end=\"809\">\n<p data-start=\"805\" data-end=\"809\">DN20<\/p>\n<\/li>\n<\/ul>\n<p data-start=\"811\" data-end=\"832\"><strong data-start=\"811\" data-end=\"830\">\u00a0 \u00a0Classe de pr\u00e9cision :<\/strong><\/p>\n<ul data-start=\"833\" data-end=\"842\">\n<li data-start=\"833\" data-end=\"842\">\n<p data-start=\"835\" data-end=\"842\">Classe 2<\/p>\n<\/li>\n<\/ul>\n<p data-start=\"844\" data-end=\"866\"><strong data-start=\"844\" data-end=\"864\">\u00a0 \u00a0Pression nominale :<\/strong><\/p>\n<ul data-start=\"867\" data-end=\"884\">\n<li data-start=\"867\" data-end=\"884\">\n<p data-start=\"869\" data-end=\"884\">MAP16 (1,6 MPa)<\/p>\n<\/li>\n<\/ul>\n<p data-start=\"886\" data-end=\"910\"><strong data-start=\"886\" data-end=\"908\">\u00a0 \u00a0Classe de temp\u00e9rature :<\/strong><\/p>\n<ul data-start=\"911\" data-end=\"916\">\n<li data-start=\"911\" data-end=\"916\">\n<p data-start=\"913\" data-end=\"916\">T30<\/p>\n<\/li>\n<\/ul>\n<p data-start=\"918\" data-end=\"943\"><strong data-start=\"918\" data-end=\"941\">\u00a0 \u00a0Classe d'installation :<\/strong><\/p>\n<ul data-start=\"944\" data-end=\"953\">\n<li data-start=\"944\" data-end=\"953\">\n<p data-start=\"946\" data-end=\"953\">U5 \/ D3<\/p>\n<\/li>\n<\/ul>\n<p data-start=\"955\" data-end=\"974\"><strong data-start=\"955\" data-end=\"972\">\u00a0 \u00a0Alimentation \u00e9lectrique :<\/strong><\/p>\n<ul data-start=\"975\" data-end=\"1033\">\n<li data-start=\"975\" data-end=\"1003\">\n<p data-start=\"977\" data-end=\"1003\">Batterie au lithium int\u00e9gr\u00e9e<\/p>\n<\/li>\n<li data-start=\"1004\" data-end=\"1033\">\n<p data-start=\"1006\" data-end=\"1033\">Dur\u00e9e de vie de la batterie : jusqu'\u00e0 6 ans<\/p>\n<\/li>\n<\/ul>\n<p data-start=\"1035\" data-end=\"1062\"><strong data-start=\"1035\" data-end=\"1060\">\u00a0 \u00a0Degr\u00e9 de protection :<\/strong><\/p>\n<ul data-start=\"1063\" data-end=\"1069\">\n<li data-start=\"1063\" data-end=\"1069\">\n<p data-start=\"1065\" data-end=\"1069\">IP68<\/p>\n<\/li>\n<\/ul>\n<p data-start=\"1071\" data-end=\"1090\"><strong data-start=\"1071\" data-end=\"1088\">\u00a0 \u00a0Stockage des donn\u00e9es :<\/strong><\/p>\n<ul data-start=\"1091\" data-end=\"1130\">\n<li data-start=\"1091\" data-end=\"1130\">\n<p data-start=\"1093\" data-end=\"1130\">Donn\u00e9es historiques de consommation sur 24 mois<\/p>\n<\/li>\n<\/ul>\n<p data-start=\"1132\" data-end=\"1160\"><strong data-start=\"1132\" data-end=\"1158\">\u00a0 \u00a0Options de communication :<\/strong><\/p>\n<ul data-start=\"1161\" data-end=\"1209\">\n<li data-start=\"1161\" data-end=\"1172\">\n<p data-start=\"1163\" data-end=\"1172\">LoRaWAN<\/p>\n<\/li>\n<li data-start=\"1173\" data-end=\"1183\">\n<p data-start=\"1175\" data-end=\"1183\">NB-IoT<\/p>\n<\/li>\n<li data-start=\"1184\" data-end=\"1192\">\n<p data-start=\"1186\" data-end=\"1192\">GPRS<\/p>\n<\/li>\n<li data-start=\"1193\" data-end=\"1202\">\n<p data-start=\"1195\" data-end=\"1202\">M-Bus<\/p>\n<\/li>\n<li data-start=\"1203\" data-end=\"1209\">\n<p data-start=\"1205\" data-end=\"1209\">4G<\/p>\n<\/li>\n<\/ul>\n<h3 data-start=\"1299\" data-end=\"1319\"><strong data-start=\"1303\" data-end=\"1319\">Applications<\/strong><\/h3>\n<ul data-start=\"1321\" data-end=\"1488\">\n<li data-start=\"1321\" data-end=\"1351\">\n<p data-start=\"1323\" data-end=\"1351\">Comptage de l'eau dans les habitations<\/p>\n<\/li>\n<li data-start=\"1352\" data-end=\"1385\">\n<p data-start=\"1354\" data-end=\"1385\">Projets de compteurs d'eau intelligents<\/p>\n<\/li>\n<li data-start=\"1386\" data-end=\"1421\">\n<p data-start=\"1388\" data-end=\"1421\">R\u00e9seaux municipaux d'approvisionnement en eau<\/p>\n<\/li>\n<li data-start=\"1422\" data-end=\"1443\">\n<p data-start=\"1424\" data-end=\"1443\">Syst\u00e8mes AMR \/ AMI<\/p>\n<\/li>\n<li data-start=\"1444\" data-end=\"1488\">\n<p data-start=\"1446\" data-end=\"1488\">Applications commerciales de surveillance de l'eau<\/p>\n<\/li>\n<\/ul>","protected":false},"excerpt":{"rendered":"<p>Les <strong data-start=\"1528\" data-end=\"1562\">NSWM-02 Compteur d'eau \u00e0 ultrasons<\/strong> est un compteur d'eau intelligent tr\u00e8s performant, con\u00e7u pour mesurer de mani\u00e8re pr\u00e9cise et fiable la consommation d'eau gr\u00e2ce \u00e0 la technologie des ultrasons. D\u00e9pourvu de pi\u00e8ces mobiles, il garantit une stabilit\u00e9 de mesure \u00e0 long terme, une maintenance minimale et d'excellentes performances \u00e0 faible d\u00e9bit.<br data-start=\"1831\" data-end=\"1834\" \/>Sa protection IP68, ses options de communication multiples et ses capacit\u00e9s avanc\u00e9es d'enregistrement des donn\u00e9es font du NSWM-02 une solution id\u00e9ale pour les syst\u00e8mes r\u00e9sidentiels modernes et les syst\u00e8mes de gestion intelligente de l'eau.<\/p>","protected":false},"featured_media":8122,"template":"","meta":{"content-type":""},"product_brand":[],"product_cat":[600],"product_tag":[],"class_list":{"0":"post-8121","1":"product","2":"type-product","3":"status-publish","4":"has-post-thumbnail","6":"product_cat-ultrasonic-water-meter","8":"first","9":"instock","10":"shipping-taxable","11":"product-type-simple"},"_links":{"self":[{"href":"https:\/\/niagarapumps.ca\/fr\/wp-json\/wp\/v2\/product\/8121","targetHints":{"allow":["GET"]}}],"collection":[{"href":"https:\/\/niagarapumps.ca\/fr\/wp-json\/wp\/v2\/product"}],"about":[{"href":"https:\/\/niagarapumps.ca\/fr\/wp-json\/wp\/v2\/types\/product"}],"wp:featuredmedia":[{"embeddable":true,"href":"https:\/\/niagarapumps.ca\/fr\/wp-json\/wp\/v2\/media\/8122"}],"wp:attachment":[{"href":"https:\/\/niagarapumps.ca\/fr\/wp-json\/wp\/v2\/media?parent=8121"}],"wp:term":[{"taxonomy":"product_brand","embeddable":true,"href":"https:\/\/niagarapumps.ca\/fr\/wp-json\/wp\/v2\/product_brand?post=8121"},{"taxonomy":"product_cat","embeddable":true,"href":"https:\/\/niagarapumps.ca\/fr\/wp-json\/wp\/v2\/product_cat?post=8121"},{"taxonomy":"product_tag","embeddable":true,"href":"https:\/\/niagarapumps.ca\/fr\/wp-json\/wp\/v2\/product_tag?post=8121"}],"curies":[{"name":"wp","href":"https:\/\/api.w.org\/{rel}","templated":true}]}}