{"id":8123,"date":"2026-01-29T16:59:31","date_gmt":"2026-01-29T16:59:31","guid":{"rendered":"https:\/\/niagarapumps.ca\/?post_type=product&#038;p=8123"},"modified":"2026-01-29T17:08:17","modified_gmt":"2026-01-29T17:08:17","slug":"niagara-ultrasonic-water-meter-model-nswm-3","status":"publish","type":"product","link":"https:\/\/niagarapumps.ca\/fr\/product\/niagara-ultrasonic-water-meter-model-nswm-3\/","title":{"rendered":"Compteur d'eau \u00e0 ultrasons NIAGARA - Mod\u00e8le NSWM-3"},"content":{"rendered":"<h3 data-start=\"340\" data-end=\"364\"><strong data-start=\"344\" data-end=\"364\">Caract\u00e9ristiques du produit<\/strong><\/h3>\n<ul data-start=\"366\" data-end=\"857\">\n<li data-start=\"366\" data-end=\"437\">\n<p data-start=\"368\" data-end=\"437\">Technologie de mesure du temps de transit par ultrasons sans pi\u00e8ces mobiles<\/p>\n<\/li>\n<li data-start=\"438\" data-end=\"502\">\n<p data-start=\"440\" data-end=\"502\">Haute pr\u00e9cision, y compris pour la mesure de d\u00e9bits extr\u00eamement faibles<\/p>\n<\/li>\n<li data-start=\"503\" data-end=\"570\">\n<p data-start=\"505\" data-end=\"570\">Longue dur\u00e9e de vie avec une grande fiabilit\u00e9 et un entretien minimal<\/p>\n<\/li>\n<li data-start=\"571\" data-end=\"606\">\n<p data-start=\"573\" data-end=\"606\">Immunis\u00e9 contre les interf\u00e9rences magn\u00e9tiques<\/p>\n<\/li>\n<li data-start=\"607\" data-end=\"647\">\n<p data-start=\"609\" data-end=\"647\">\u00c9cran LCD avec plusieurs pages de donn\u00e9es<\/p>\n<\/li>\n<li data-start=\"648\" data-end=\"691\">\n<p data-start=\"650\" data-end=\"691\">Structure compacte pour une installation facile<\/p>\n<\/li>\n<li data-start=\"692\" data-end=\"752\">\n<p data-start=\"694\" data-end=\"752\">Prise en charge de la lecture des compteurs intelligents et de la configuration des param\u00e8tres<\/p>\n<\/li>\n<li data-start=\"753\" data-end=\"783\">\n<p data-start=\"755\" data-end=\"783\">Protection \u00e9tanche IP68<\/p>\n<\/li>\n<li data-start=\"784\" data-end=\"857\">\n<p data-start=\"786\" data-end=\"857\">Convient pour une installation horizontale, verticale ou inclin\u00e9e (jusqu'\u00e0 45\u00b0)<\/p>\n<\/li>\n<\/ul>\n<h3 data-start=\"864\" data-end=\"886\"><strong data-start=\"868\" data-end=\"886\">Donn\u00e9es techniques<\/strong><\/h3>\n<p data-start=\"888\" data-end=\"908\"><strong data-start=\"888\" data-end=\"906\">\u00a0 \u00a0Dimensions nominales :<\/strong><\/p>\n<ul data-start=\"909\" data-end=\"924\">\n<li data-start=\"909\" data-end=\"917\">\n<p data-start=\"911\" data-end=\"917\">DN15<\/p>\n<\/li>\n<li data-start=\"918\" data-end=\"924\">\n<p data-start=\"920\" data-end=\"924\">DN20<\/p>\n<\/li>\n<\/ul>\n<p data-start=\"926\" data-end=\"955\"><strong data-start=\"926\" data-end=\"953\">\u00a0 \u00a0Technologie de la mesure :<\/strong><\/p>\n<ul data-start=\"956\" data-end=\"991\">\n<li data-start=\"956\" data-end=\"991\">\n<p data-start=\"958\" data-end=\"991\">Principe du temps de transit des ultrasons<\/p>\n<\/li>\n<\/ul>\n<p data-start=\"993\" data-end=\"1014\"><strong data-start=\"993\" data-end=\"1012\">\u00a0 \u00a0Classe de pr\u00e9cision :<\/strong><\/p>\n<ul data-start=\"1015\" data-end=\"1024\">\n<li data-start=\"1015\" data-end=\"1024\">\n<p data-start=\"1017\" data-end=\"1024\">Classe 2<\/p>\n<\/li>\n<\/ul>\n<p data-start=\"1026\" data-end=\"1057\"><strong data-start=\"1026\" data-end=\"1055\">\u00a0 \u00a0Pression de service maximale :<\/strong><\/p>\n<ul data-start=\"1058\" data-end=\"1075\">\n<li data-start=\"1058\" data-end=\"1075\">\n<p data-start=\"1060\" data-end=\"1075\">MAP16 (1,6 MPa)<\/p>\n<\/li>\n<\/ul>\n<p data-start=\"1077\" data-end=\"1101\"><strong data-start=\"1077\" data-end=\"1099\">\u00a0 \u00a0Classe de temp\u00e9rature :<\/strong><\/p>\n<ul data-start=\"1102\" data-end=\"1145\">\n<li data-start=\"1102\" data-end=\"1109\">\n<p data-start=\"1104\" data-end=\"1109\">T30<\/p>\n<\/li>\n<li data-start=\"1110\" data-end=\"1128\">\n<p data-start=\"1112\" data-end=\"1128\">T50 (en option)<\/p>\n<\/li>\n<li data-start=\"1129\" data-end=\"1145\">\n<p data-start=\"1131\" data-end=\"1145\">T90 (en option)<\/p>\n<\/li>\n<\/ul>\n<p data-start=\"1147\" data-end=\"1166\"><strong data-start=\"1147\" data-end=\"1164\">\u00a0 \u00a0Alimentation \u00e9lectrique :<\/strong><\/p>\n<ul data-start=\"1167\" data-end=\"1220\">\n<li data-start=\"1167\" data-end=\"1195\">\n<p data-start=\"1169\" data-end=\"1195\">Batterie au lithium int\u00e9gr\u00e9e<\/p>\n<\/li>\n<li data-start=\"1196\" data-end=\"1220\">\n<p data-start=\"1198\" data-end=\"1220\">Dur\u00e9e de vie de la batterie \u2265 6 ans<\/p>\n<\/li>\n<\/ul>\n<p data-start=\"1222\" data-end=\"1249\"><strong data-start=\"1222\" data-end=\"1247\">\u00a0 \u00a0Degr\u00e9 de protection :<\/strong><\/p>\n<ul data-start=\"1250\" data-end=\"1256\">\n<li data-start=\"1250\" data-end=\"1256\">\n<p data-start=\"1252\" data-end=\"1256\">IP68<\/p>\n<\/li>\n<\/ul>\n<p data-start=\"1258\" data-end=\"1283\"><strong data-start=\"1258\" data-end=\"1281\">\u00a0 \u00a0Classe d'installation :<\/strong><\/p>\n<ul data-start=\"1284\" data-end=\"1293\">\n<li data-start=\"1284\" data-end=\"1293\">\n<p data-start=\"1286\" data-end=\"1293\">U5 \/ D3<\/p>\n<\/li>\n<\/ul>\n<p data-start=\"1295\" data-end=\"1314\"><strong data-start=\"1295\" data-end=\"1312\">\u00a0 \u00a0Stockage des donn\u00e9es :<\/strong><\/p>\n<ul data-start=\"1315\" data-end=\"1419\">\n<li data-start=\"1315\" data-end=\"1348\">\n<p data-start=\"1317\" data-end=\"1348\">Enregistrements horaires : jusqu'\u00e0 8 ans<\/p>\n<\/li>\n<li data-start=\"1349\" data-end=\"1382\">\n<p data-start=\"1351\" data-end=\"1382\">Enregistrements quotidiens : jusqu'\u00e0 180 jours<\/p>\n<\/li>\n<li data-start=\"1383\" data-end=\"1419\">\n<p data-start=\"1385\" data-end=\"1419\">Enregistrements mensuels : jusqu'\u00e0 24 mois<\/p>\n<\/li>\n<\/ul>\n<p data-start=\"1421\" data-end=\"1449\"><strong data-start=\"1421\" data-end=\"1447\">\u00a0 \u00a0Options de communication :<\/strong><\/p>\n<ul data-start=\"1450\" data-end=\"1534\">\n<li data-start=\"1450\" data-end=\"1461\">\n<p data-start=\"1452\" data-end=\"1461\">LoRaWAN<\/p>\n<\/li>\n<li data-start=\"1462\" data-end=\"1472\">\n<p data-start=\"1464\" data-end=\"1472\">NB-IoT<\/p>\n<\/li>\n<li data-start=\"1473\" data-end=\"1482\">\n<p data-start=\"1475\" data-end=\"1482\">Cat.1<\/p>\n<\/li>\n<li data-start=\"1483\" data-end=\"1491\">\n<p data-start=\"1485\" data-end=\"1491\">GPRS<\/p>\n<\/li>\n<li data-start=\"1492\" data-end=\"1501\">\n<p data-start=\"1494\" data-end=\"1501\">M-Bus<\/p>\n<\/li>\n<li data-start=\"1502\" data-end=\"1511\">\n<p data-start=\"1504\" data-end=\"1511\">RS485<\/p>\n<\/li>\n<li data-start=\"1512\" data-end=\"1534\">\n<p data-start=\"1514\" data-end=\"1534\">Bluetooth (en option)<\/p>\n<\/li>\n<\/ul>\n<h3 data-start=\"1577\" data-end=\"1597\"><strong data-start=\"1581\" data-end=\"1597\">Applications<\/strong><\/h3>\n<ul data-start=\"1599\" data-end=\"1765\">\n<li data-start=\"1599\" data-end=\"1629\">\n<p data-start=\"1601\" data-end=\"1629\">Comptage de l'eau dans les habitations<\/p>\n<\/li>\n<li data-start=\"1630\" data-end=\"1662\">\n<p data-start=\"1632\" data-end=\"1662\">Syst\u00e8mes intelligents de mesure de l'eau<\/p>\n<\/li>\n<li data-start=\"1663\" data-end=\"1685\">\n<p data-start=\"1665\" data-end=\"1685\">Projets AMR \/ AMI<\/p>\n<\/li>\n<li data-start=\"1686\" data-end=\"1721\">\n<p data-start=\"1688\" data-end=\"1721\">R\u00e9seaux municipaux d'approvisionnement en eau<\/p>\n<\/li>\n<li data-start=\"1722\" data-end=\"1765\">\n<p data-start=\"1724\" data-end=\"1765\">Contr\u00f4le de la consommation d'eau dans les commerces<\/p>\n<\/li>\n<\/ul>","protected":false},"excerpt":{"rendered":"<p>Les <strong data-start=\"1805\" data-end=\"1839\">NSWM-03 Compteur d'eau \u00e0 ultrasons<\/strong> est un dispositif \u00e9lectronique avanc\u00e9 de mesure de l'eau bas\u00e9 sur la technologie du temps de transit des ultrasons. Sans pi\u00e8ces m\u00e9caniques mobiles, il offre une pr\u00e9cision \u00e0 long terme, une grande fiabilit\u00e9 et d'excellentes performances, m\u00eame \u00e0 des d\u00e9bits extr\u00eamement faibles.<br data-start=\"2076\" data-end=\"2079\" \/>Sa protection IP68, ses options d'installation flexibles et sa large gamme d'interfaces de communication font du NSWM-03 une solution id\u00e9ale pour les compteurs intelligents, les applications r\u00e9sidentielles et les syst\u00e8mes modernes de gestion de l'eau.<\/p>","protected":false},"featured_media":8124,"template":"","meta":{"content-type":""},"product_brand":[],"product_cat":[600],"product_tag":[],"class_list":{"0":"post-8123","1":"product","2":"type-product","3":"status-publish","4":"has-post-thumbnail","6":"product_cat-ultrasonic-water-meter","8":"first","9":"instock","10":"shipping-taxable","11":"product-type-simple"},"_links":{"self":[{"href":"https:\/\/niagarapumps.ca\/fr\/wp-json\/wp\/v2\/product\/8123","targetHints":{"allow":["GET"]}}],"collection":[{"href":"https:\/\/niagarapumps.ca\/fr\/wp-json\/wp\/v2\/product"}],"about":[{"href":"https:\/\/niagarapumps.ca\/fr\/wp-json\/wp\/v2\/types\/product"}],"wp:featuredmedia":[{"embeddable":true,"href":"https:\/\/niagarapumps.ca\/fr\/wp-json\/wp\/v2\/media\/8124"}],"wp:attachment":[{"href":"https:\/\/niagarapumps.ca\/fr\/wp-json\/wp\/v2\/media?parent=8123"}],"wp:term":[{"taxonomy":"product_brand","embeddable":true,"href":"https:\/\/niagarapumps.ca\/fr\/wp-json\/wp\/v2\/product_brand?post=8123"},{"taxonomy":"product_cat","embeddable":true,"href":"https:\/\/niagarapumps.ca\/fr\/wp-json\/wp\/v2\/product_cat?post=8123"},{"taxonomy":"product_tag","embeddable":true,"href":"https:\/\/niagarapumps.ca\/fr\/wp-json\/wp\/v2\/product_tag?post=8123"}],"curies":[{"name":"wp","href":"https:\/\/api.w.org\/{rel}","templated":true}]}}