{"id":8125,"date":"2026-01-29T17:08:57","date_gmt":"2026-01-29T17:08:57","guid":{"rendered":"https:\/\/niagarapumps.ca\/?post_type=product&#038;p=8125"},"modified":"2026-01-29T17:15:31","modified_gmt":"2026-01-29T17:15:31","slug":"niagara-ultrasonic-water-meter-model-nswm-4","status":"publish","type":"product","link":"https:\/\/niagarapumps.ca\/fr\/product\/niagara-ultrasonic-water-meter-model-nswm-4\/","title":{"rendered":"Compteur d'eau \u00e0 ultrasons NIAGARA - Mod\u00e8le NSWM-4"},"content":{"rendered":"<h3 data-start=\"262\" data-end=\"286\"><strong data-start=\"266\" data-end=\"286\">Caract\u00e9ristiques du produit<\/strong><\/h3>\n<ul data-start=\"288\" data-end=\"845\">\n<li data-start=\"288\" data-end=\"359\">\n<p data-start=\"290\" data-end=\"359\">Technologie de mesure du temps de transit par ultrasons sans pi\u00e8ces mobiles<\/p>\n<\/li>\n<li data-start=\"360\" data-end=\"421\">\n<p data-start=\"362\" data-end=\"421\">D\u00e9bit de d\u00e9part extr\u00eamement faible et grande pr\u00e9cision de mesure<\/p>\n<\/li>\n<li data-start=\"422\" data-end=\"462\">\n<p data-start=\"424\" data-end=\"462\">Mesure du d\u00e9bit en avant et en arri\u00e8re<\/p>\n<\/li>\n<li data-start=\"463\" data-end=\"506\">\n<p data-start=\"465\" data-end=\"506\">Quatre mesures \u00e0 grande vitesse par seconde<\/p>\n<\/li>\n<li data-start=\"507\" data-end=\"542\">\n<p data-start=\"509\" data-end=\"542\">Immunis\u00e9 contre les interf\u00e9rences magn\u00e9tiques<\/p>\n<\/li>\n<li data-start=\"543\" data-end=\"595\">\n<p data-start=\"545\" data-end=\"595\">\u00c9cran num\u00e9rique LCD avec pages multi-informations<\/p>\n<\/li>\n<li data-start=\"596\" data-end=\"689\">\n<p data-start=\"598\" data-end=\"689\">Fonction d'autodiagnostic avec alarmes (batterie faible, d\u00e9faut du capteur, \u00e9coulement invers\u00e9, tuyau vide)<\/p>\n<\/li>\n<li data-start=\"690\" data-end=\"738\">\n<p data-start=\"692\" data-end=\"738\">Stockage de donn\u00e9es int\u00e9gr\u00e9 et enregistrements historiques<\/p>\n<\/li>\n<li data-start=\"739\" data-end=\"788\">\n<p data-start=\"741\" data-end=\"788\">Permet une installation horizontale et verticale<\/p>\n<\/li>\n<li data-start=\"789\" data-end=\"845\">\n<p data-start=\"791\" data-end=\"845\">Protection IP68 pour les environnements difficiles et submerg\u00e9s<\/p>\n<\/li>\n<\/ul>\n<h3 data-start=\"852\" data-end=\"874\"><strong data-start=\"856\" data-end=\"874\">Donn\u00e9es techniques<\/strong><\/h3>\n<p data-start=\"876\" data-end=\"896\"><strong data-start=\"876\" data-end=\"894\">\u00a0 Dimensions nominales :<\/strong><\/p>\n<ul data-start=\"897\" data-end=\"912\">\n<li data-start=\"897\" data-end=\"905\">\n<p data-start=\"899\" data-end=\"905\">DN15<\/p>\n<\/li>\n<li data-start=\"906\" data-end=\"912\">\n<p data-start=\"908\" data-end=\"912\">DN20<\/p>\n<\/li>\n<\/ul>\n<p data-start=\"914\" data-end=\"935\"><strong data-start=\"914\" data-end=\"933\">\u00a0 Classe de pr\u00e9cision :<\/strong><\/p>\n<ul data-start=\"936\" data-end=\"945\">\n<li data-start=\"936\" data-end=\"945\">\n<p data-start=\"938\" data-end=\"945\">Classe 2<\/p>\n<\/li>\n<\/ul>\n<p data-start=\"947\" data-end=\"965\"><strong data-start=\"947\" data-end=\"963\">\u00a0 Rapport de gamme :<\/strong><\/p>\n<ul data-start=\"966\" data-end=\"972\">\n<li data-start=\"966\" data-end=\"972\">\n<p data-start=\"968\" data-end=\"972\">R400<\/p>\n<\/li>\n<\/ul>\n<p data-start=\"974\" data-end=\"996\"><strong data-start=\"974\" data-end=\"994\">\u00a0 Pression nominale :<\/strong><\/p>\n<ul data-start=\"997\" data-end=\"1014\">\n<li data-start=\"997\" data-end=\"1014\">\n<p data-start=\"999\" data-end=\"1014\">MAP16 (1,6 MPa)<\/p>\n<\/li>\n<\/ul>\n<p data-start=\"1016\" data-end=\"1036\"><strong data-start=\"1016\" data-end=\"1034\">\u00a0 Perte de pression :<\/strong><\/p>\n<ul data-start=\"1037\" data-end=\"1044\">\n<li data-start=\"1037\" data-end=\"1044\">\n<p data-start=\"1039\" data-end=\"1044\">\u2264 P63<\/p>\n<\/li>\n<\/ul>\n<p data-start=\"1046\" data-end=\"1070\"><strong data-start=\"1046\" data-end=\"1068\">\u00a0 \u00a0Classe de temp\u00e9rature :<\/strong><\/p>\n<ul data-start=\"1071\" data-end=\"1076\">\n<li data-start=\"1071\" data-end=\"1076\">\n<p data-start=\"1073\" data-end=\"1076\">T50<\/p>\n<\/li>\n<\/ul>\n<p data-start=\"1078\" data-end=\"1104\"><strong data-start=\"1078\" data-end=\"1102\">\u00a0 \u00a0Classe environnementale :<\/strong><\/p>\n<ul data-start=\"1105\" data-end=\"1114\">\n<li data-start=\"1105\" data-end=\"1114\">\n<p data-start=\"1107\" data-end=\"1114\">Classe O<\/p>\n<\/li>\n<\/ul>\n<p data-start=\"1116\" data-end=\"1141\"><strong data-start=\"1116\" data-end=\"1139\">\u00a0 \u00a0Classe d'installation :<\/strong><\/p>\n<ul data-start=\"1142\" data-end=\"1194\">\n<li data-start=\"1142\" data-end=\"1153\">\n<p data-start=\"1144\" data-end=\"1153\">U3 \/ D3<\/p>\n<\/li>\n<li data-start=\"1154\" data-end=\"1194\">\n<p data-start=\"1156\" data-end=\"1194\">H \/ V (montage horizontal \/ vertical)<\/p>\n<\/li>\n<\/ul>\n<p data-start=\"1196\" data-end=\"1215\"><strong data-start=\"1196\" data-end=\"1213\">\u00a0 \u00a0Alimentation \u00e9lectrique :<\/strong><\/p>\n<ul data-start=\"1216\" data-end=\"1275\">\n<li data-start=\"1216\" data-end=\"1244\">\n<p data-start=\"1218\" data-end=\"1244\">Batterie au lithium int\u00e9gr\u00e9e<\/p>\n<\/li>\n<li data-start=\"1245\" data-end=\"1275\">\n<p data-start=\"1247\" data-end=\"1275\">Dur\u00e9e de vie de la batterie : jusqu'\u00e0 10 ans<\/p>\n<\/li>\n<\/ul>\n<p data-start=\"1277\" data-end=\"1304\"><strong data-start=\"1277\" data-end=\"1302\">\u00a0 \u00a0Degr\u00e9 de protection :<\/strong><\/p>\n<ul data-start=\"1305\" data-end=\"1311\">\n<li data-start=\"1305\" data-end=\"1311\">\n<p data-start=\"1307\" data-end=\"1311\">IP68<\/p>\n<\/li>\n<\/ul>\n<p data-start=\"1313\" data-end=\"1332\"><strong data-start=\"1313\" data-end=\"1330\">\u00a0 \u00a0Stockage des donn\u00e9es :<\/strong><\/p>\n<ul data-start=\"1333\" data-end=\"1360\">\n<li data-start=\"1333\" data-end=\"1360\">\n<p data-start=\"1335\" data-end=\"1360\">Donn\u00e9es historiques sur 24 mois<\/p>\n<\/li>\n<\/ul>\n<p data-start=\"1362\" data-end=\"1390\"><strong data-start=\"1362\" data-end=\"1388\">\u00a0 \u00a0Options de communication :<\/strong><\/p>\n<ul data-start=\"1391\" data-end=\"1513\">\n<li data-start=\"1391\" data-end=\"1402\">\n<p data-start=\"1393\" data-end=\"1402\">LoRaWAN<\/p>\n<\/li>\n<li data-start=\"1403\" data-end=\"1413\">\n<p data-start=\"1405\" data-end=\"1413\">NB-IoT<\/p>\n<\/li>\n<li data-start=\"1414\" data-end=\"1422\">\n<p data-start=\"1416\" data-end=\"1422\">GPRS<\/p>\n<\/li>\n<li data-start=\"1423\" data-end=\"1429\">\n<p data-start=\"1425\" data-end=\"1429\">4G<\/p>\n<\/li>\n<li data-start=\"1430\" data-end=\"1450\">\n<p data-start=\"1432\" data-end=\"1450\">M-Bus (en option)<\/p>\n<\/li>\n<li data-start=\"1451\" data-end=\"1472\">\n<p data-start=\"1453\" data-end=\"1472\">RS-485 (en option)<\/p>\n<\/li>\n<li data-start=\"1473\" data-end=\"1513\">\n<p data-start=\"1475\" data-end=\"1513\">Interface infrarouge de lecture locale des compteurs<\/p>\n<\/li>\n<\/ul>\n<h3 data-start=\"1561\" data-end=\"1581\"><strong data-start=\"1565\" data-end=\"1581\">Applications<\/strong><\/h3>\n<ul data-start=\"1583\" data-end=\"1751\">\n<li data-start=\"1583\" data-end=\"1613\">\n<p data-start=\"1585\" data-end=\"1613\">Comptage de l'eau dans les habitations<\/p>\n<\/li>\n<li data-start=\"1614\" data-end=\"1648\">\n<p data-start=\"1616\" data-end=\"1648\">Syst\u00e8mes intelligents de gestion de l'eau<\/p>\n<\/li>\n<li data-start=\"1649\" data-end=\"1671\">\n<p data-start=\"1651\" data-end=\"1671\">Projets AMR \/ AMI<\/p>\n<\/li>\n<li data-start=\"1672\" data-end=\"1707\">\n<p data-start=\"1674\" data-end=\"1707\">R\u00e9seaux municipaux d'approvisionnement en eau<\/p>\n<\/li>\n<li data-start=\"1708\" data-end=\"1751\">\n<p data-start=\"1710\" data-end=\"1751\">Contr\u00f4le de la consommation d'eau dans les commerces<\/p>\n<\/li>\n<\/ul>","protected":false},"excerpt":{"rendered":"<p class=\"translation-block\">Le <strong data-start=\"1791\" data-end=\"1825\">compteur d'eau \u00e0 ultrasonsNSWM-04<\/strong> est une solution de comptage intelligent haute performance con\u00e7ue pour mesurer l'eau de mani\u00e8re pr\u00e9cise et fiable. Utilisant la technologie du temps de transit ultrasonique sans pi\u00e8ces m\u00e9caniques mobiles, il garantit une pr\u00e9cision \u00e0 long terme, une maintenance minimale et d'excellentes performances, m\u00eame \u00e0 de tr\u00e8s faibles d\u00e9bits.<br data-start=\"2109\" data-end=\"2112\">Avec des fonctions d'autodiagnostic avanc\u00e9es, une protection IP68 et de multiples options de communication, le NSWM-04 est un choix id\u00e9al pour les applications r\u00e9sidentielles et les applications de gestion intelligente de l'eau.<\/p>","protected":false},"featured_media":8126,"template":"","meta":{"content-type":""},"product_brand":[],"product_cat":[600],"product_tag":[],"class_list":{"0":"post-8125","1":"product","2":"type-product","3":"status-publish","4":"has-post-thumbnail","6":"product_cat-ultrasonic-water-meter","8":"first","9":"instock","10":"shipping-taxable","11":"product-type-simple"},"_links":{"self":[{"href":"https:\/\/niagarapumps.ca\/fr\/wp-json\/wp\/v2\/product\/8125","targetHints":{"allow":["GET"]}}],"collection":[{"href":"https:\/\/niagarapumps.ca\/fr\/wp-json\/wp\/v2\/product"}],"about":[{"href":"https:\/\/niagarapumps.ca\/fr\/wp-json\/wp\/v2\/types\/product"}],"wp:featuredmedia":[{"embeddable":true,"href":"https:\/\/niagarapumps.ca\/fr\/wp-json\/wp\/v2\/media\/8126"}],"wp:attachment":[{"href":"https:\/\/niagarapumps.ca\/fr\/wp-json\/wp\/v2\/media?parent=8125"}],"wp:term":[{"taxonomy":"product_brand","embeddable":true,"href":"https:\/\/niagarapumps.ca\/fr\/wp-json\/wp\/v2\/product_brand?post=8125"},{"taxonomy":"product_cat","embeddable":true,"href":"https:\/\/niagarapumps.ca\/fr\/wp-json\/wp\/v2\/product_cat?post=8125"},{"taxonomy":"product_tag","embeddable":true,"href":"https:\/\/niagarapumps.ca\/fr\/wp-json\/wp\/v2\/product_tag?post=8125"}],"curies":[{"name":"wp","href":"https:\/\/api.w.org\/{rel}","templated":true}]}}