{"id":7637,"date":"2025-09-12T15:02:14","date_gmt":"2025-09-12T15:02:14","guid":{"rendered":"https:\/\/niagarapumps.ca\/?post_type=product&#038;p=7637"},"modified":"2025-10-08T10:48:29","modified_gmt":"2025-10-08T10:48:29","slug":"multi-jet-liquid-protected-register","status":"publish","type":"product","link":"https:\/\/niagarapumps.ca\/it\/product\/multi-jet-liquid-protected-register\/","title":{"rendered":"Registro protetto da liquidi a getto multiplo"},"content":{"rendered":"<ol>\n<li>Tutti i materiali a contatto con l'acqua sono stati accuratamente selezionati in base alla loro nota resistenza alla corrosione.<\/li>\n<li>Mentre lo standard attuale per i contatori di acqua fredda \u00e8 inferiore a 30\u00b0C (T30), NIAGARA pu\u00f2 operare in sicurezza con temperature dell'acqua fino a 50\u00b0C (T50).<\/li>\n<li>Il rullo utilizza una speciale guarnizione per liquidi che impedisce il contatto con l'acqua, garantendo letture chiare in tutte le condizioni operative.<\/li>\n<li>La girante \u00e8 l'unica parte mobile a contatto con l'acqua, garantendo cos\u00ec l'affidabilit\u00e0.<\/li>\n<li>Un meccanismo di trasmissione meccanico garantisce un'affidabilit\u00e0 estremamente elevata.<\/li>\n<li>All'ingresso del contatore \u00e8 presente un filtro aggiuntivo, che consente la pulizia senza interrompere la tenuta del contatore.<\/li>\n<li>\u00c8 disponibile una valvola di non ritorno opzionale per evitare un flusso eccessivo.<\/li>\n<\/ol>\n<p>&nbsp;<\/p>","protected":false},"excerpt":{"rendered":"<p>Misuratore d'acqua multigetto durevole con registro protetto dai liquidi, progettato per misurare in modo affidabile l'acqua fredda fino a 50\u00b0C, con materiali resistenti alla corrosione, letture chiare e prestazioni di lunga durata.<\/p>","protected":false},"featured_media":7638,"template":"","meta":{"content-type":""},"product_brand":[],"product_cat":[115,293],"product_tag":[],"class_list":{"0":"post-7637","1":"product","2":"type-product","3":"status-publish","4":"has-post-thumbnail","6":"product_cat-valves","7":"product_cat-water-meter","9":"first","10":"instock","11":"shipping-taxable","12":"product-type-simple"},"_links":{"self":[{"href":"https:\/\/niagarapumps.ca\/it\/wp-json\/wp\/v2\/product\/7637","targetHints":{"allow":["GET"]}}],"collection":[{"href":"https:\/\/niagarapumps.ca\/it\/wp-json\/wp\/v2\/product"}],"about":[{"href":"https:\/\/niagarapumps.ca\/it\/wp-json\/wp\/v2\/types\/product"}],"wp:featuredmedia":[{"embeddable":true,"href":"https:\/\/niagarapumps.ca\/it\/wp-json\/wp\/v2\/media\/7638"}],"wp:attachment":[{"href":"https:\/\/niagarapumps.ca\/it\/wp-json\/wp\/v2\/media?parent=7637"}],"wp:term":[{"taxonomy":"product_brand","embeddable":true,"href":"https:\/\/niagarapumps.ca\/it\/wp-json\/wp\/v2\/product_brand?post=7637"},{"taxonomy":"product_cat","embeddable":true,"href":"https:\/\/niagarapumps.ca\/it\/wp-json\/wp\/v2\/product_cat?post=7637"},{"taxonomy":"product_tag","embeddable":true,"href":"https:\/\/niagarapumps.ca\/it\/wp-json\/wp\/v2\/product_tag?post=7637"}],"curies":[{"name":"wp","href":"https:\/\/api.w.org\/{rel}","templated":true}]}}