{"id":7643,"date":"2025-09-12T15:02:14","date_gmt":"2025-09-12T15:02:14","guid":{"rendered":"https:\/\/niagarapumps.ca\/?post_type=product&#038;p=7643"},"modified":"2025-09-25T11:02:29","modified_gmt":"2025-09-25T11:02:29","slug":"multi-jet-liquid-protected-register-2","status":"publish","type":"product","link":"https:\/\/niagarapumps.ca\/it\/product\/multi-jet-liquid-protected-register-2\/","title":{"rendered":"Registro protetto da liquidi a getto multiplo"},"content":{"rendered":"<ol>\n<li>Tutti i materiali che entrano in contatto con l'acqua sono selezionati con cura e hanno una nota resistenza alla corrosione. Tutte le materie prime plastiche sono 100% nuove e non di seconda mano.<\/li>\n<li>Mentre lo standard attuale per i contatori di acqua fredda \u00e8 inferiore a 30\u00b0C (T30), NIAGARA pu\u00f2 operare in sicurezza con temperature dell'acqua fino a 50\u00b0C (T50).<\/li>\n<li>Il rullo utilizza una speciale guarnizione per liquidi che impedisce il contatto con l'acqua, garantendo letture chiare in tutte le condizioni operative.<\/li>\n<li>La girante \u00e8 l'unica parte mobile a contatto con l'acqua, garantendo cos\u00ec l'affidabilit\u00e0.<\/li>\n<li>Un meccanismo di trasmissione meccanico garantisce un'affidabilit\u00e0 estremamente elevata.<\/li>\n<li>All'ingresso del contatore \u00e8 presente un filtro aggiuntivo, che consente la pulizia senza interrompere la tenuta del contatore.<\/li>\n<li>\u00c8 disponibile una valvola di non ritorno opzionale per evitare un flusso eccessivo.<\/li>\n<\/ol>","protected":false},"excerpt":{"rendered":"<p>Affidabile misuratore d'acqua multigetto con registro protetto dai liquidi, costruito in plastica resistente alla corrosione per garantire la sicurezza dell'acqua potabile. Progettato per acqua fredda fino a 50\u00b0C, offre letture chiare, durata nel tempo e prestazioni stabili.<\/p>","protected":false},"featured_media":7644,"template":"","meta":{"content-type":""},"product_brand":[],"product_cat":[115,293],"product_tag":[],"class_list":{"0":"post-7643","1":"product","2":"type-product","3":"status-publish","4":"has-post-thumbnail","6":"product_cat-valves","7":"product_cat-water-meter","9":"first","10":"instock","11":"shipping-taxable","12":"product-type-simple"},"_links":{"self":[{"href":"https:\/\/niagarapumps.ca\/it\/wp-json\/wp\/v2\/product\/7643","targetHints":{"allow":["GET"]}}],"collection":[{"href":"https:\/\/niagarapumps.ca\/it\/wp-json\/wp\/v2\/product"}],"about":[{"href":"https:\/\/niagarapumps.ca\/it\/wp-json\/wp\/v2\/types\/product"}],"wp:featuredmedia":[{"embeddable":true,"href":"https:\/\/niagarapumps.ca\/it\/wp-json\/wp\/v2\/media\/7644"}],"wp:attachment":[{"href":"https:\/\/niagarapumps.ca\/it\/wp-json\/wp\/v2\/media?parent=7643"}],"wp:term":[{"taxonomy":"product_brand","embeddable":true,"href":"https:\/\/niagarapumps.ca\/it\/wp-json\/wp\/v2\/product_brand?post=7643"},{"taxonomy":"product_cat","embeddable":true,"href":"https:\/\/niagarapumps.ca\/it\/wp-json\/wp\/v2\/product_cat?post=7643"},{"taxonomy":"product_tag","embeddable":true,"href":"https:\/\/niagarapumps.ca\/it\/wp-json\/wp\/v2\/product_tag?post=7643"}],"curies":[{"name":"wp","href":"https:\/\/api.w.org\/{rel}","templated":true}]}}