{"id":7646,"date":"2025-09-12T15:02:14","date_gmt":"2025-09-12T15:02:14","guid":{"rendered":"https:\/\/niagarapumps.ca\/?post_type=product&#038;p=7646"},"modified":"2025-09-25T11:03:11","modified_gmt":"2025-09-25T11:03:11","slug":"ultrasonic-water-meter-household","status":"publish","type":"product","link":"https:\/\/niagarapumps.ca\/it\/product\/ultrasonic-water-meter-household\/","title":{"rendered":"Misuratore d'acqua a ultrasuoni per la casa"},"content":{"rendered":"<ol>\n<li>Nessuna usura e perdita di pressione. Non c'\u00e8 una girante meccanica all'interno del corpo del contatore d'acqua, quindi non c'\u00e8 quasi nessuna perdita di pressione e intasamento, e la precisione non sar\u00e0 compromessa nel tempo. Pu\u00f2 adattarsi all'ambiente di installazione con scarsa qualit\u00e0 dell'acqua.<\/li>\n<li>Misurazione pi\u00f9 accurata. Poich\u00e9 il contatore d'acqua ultrasonico adotta il metodo di misurazione elettronico delle onde acustiche, la precisione pu\u00f2 raggiungere un livello molto elevato. Anche se il flusso d'acqua \u00e8 molto piccolo, \u00e8 in grado di misurarlo con precisione.<\/li>\n<li>Protezione IP68. Il modulo del contatore d'acqua adotta uno speciale processo di sigillatura e anche la batteria \u00e8 completamente impermeabile. Il misuratore d'acqua pu\u00f2 funzionare normalmente anche in acqua.<\/li>\n<\/ol>","protected":false},"excerpt":{"rendered":"<p>Misuratore d'acqua domestico a ultrasuoni avanzato, privo di parti mobili, che garantisce zero perdite di pressione e precisione a lungo termine. Dotato di protezione impermeabile IP68, fornisce letture precise anche in caso di scarsa qualit\u00e0 dell'acqua o di flusso molto basso.<\/p>","protected":false},"featured_media":7647,"template":"","meta":{"content-type":""},"product_brand":[],"product_cat":[115,293],"product_tag":[],"class_list":{"0":"post-7646","1":"product","2":"type-product","3":"status-publish","4":"has-post-thumbnail","6":"product_cat-valves","7":"product_cat-water-meter","9":"first","10":"instock","11":"shipping-taxable","12":"product-type-simple"},"_links":{"self":[{"href":"https:\/\/niagarapumps.ca\/it\/wp-json\/wp\/v2\/product\/7646","targetHints":{"allow":["GET"]}}],"collection":[{"href":"https:\/\/niagarapumps.ca\/it\/wp-json\/wp\/v2\/product"}],"about":[{"href":"https:\/\/niagarapumps.ca\/it\/wp-json\/wp\/v2\/types\/product"}],"wp:featuredmedia":[{"embeddable":true,"href":"https:\/\/niagarapumps.ca\/it\/wp-json\/wp\/v2\/media\/7647"}],"wp:attachment":[{"href":"https:\/\/niagarapumps.ca\/it\/wp-json\/wp\/v2\/media?parent=7646"}],"wp:term":[{"taxonomy":"product_brand","embeddable":true,"href":"https:\/\/niagarapumps.ca\/it\/wp-json\/wp\/v2\/product_brand?post=7646"},{"taxonomy":"product_cat","embeddable":true,"href":"https:\/\/niagarapumps.ca\/it\/wp-json\/wp\/v2\/product_cat?post=7646"},{"taxonomy":"product_tag","embeddable":true,"href":"https:\/\/niagarapumps.ca\/it\/wp-json\/wp\/v2\/product_tag?post=7646"}],"curies":[{"name":"wp","href":"https:\/\/api.w.org\/{rel}","templated":true}]}}