{"id":7833,"date":"2025-10-08T19:02:39","date_gmt":"2025-10-08T19:02:39","guid":{"rendered":"https:\/\/niagarapumps.ca\/?post_type=product&#038;p=7833"},"modified":"2025-10-08T19:07:10","modified_gmt":"2025-10-08T19:07:10","slug":"niagara-gate-valve-model-gsd125","status":"publish","type":"product","link":"https:\/\/niagarapumps.ca\/it\/product\/niagara-gate-valve-model-gsd125\/","title":{"rendered":"Valvola a saracinesca NIAGARA - Modello GSD125"},"content":{"rendered":"<p data-start=\"461\" data-end=\"850\" class=\"translation-block\"><strong data-start=\"461\" data-end=\"498\">Valvola a saracinesca NIAGARA - Modello GSD125<\/strong><br data-start=\"498\" data-end=\"501\">Il modello GSD125 \u00e8 una <strong data-start=\"523\" data-end=\"561\">valvola a saracinesca in ghisa duttile per impieghi gravosi<\/strong> progettata per applicazioni industriali e idriche impegnative.<br data-start=\"619\" data-end=\"622\">La sua configurazione <strong data-start=\"626\" data-end=\"666\">a vite esterna e stelo ascendente (OS&amp;Y)<\/strong> fornisce una chiara indicazione visiva della posizione della valvola, evitando al contempo il contatto diretto del fluido con le filettature dello stelo, ideale per i sistemi che coinvolgono fluidi attivi o corrosivi.<\/p>\n<p data-start=\"852\" data-end=\"1128\" class=\"translation-block\">Il <strong data-start=\"856\" data-end=\"883\">design flangiato integrale<\/strong> assicura un collegamento robusto e privo di perdite senza la necessit\u00e0 di filettare i tubi.<br data-start=\"959\" data-end=\"962\">Costruito secondo gli standard <strong data-start=\"971\" data-end=\"995\">ANSI B16.1 Classe 125<\/strong> e testato sotto un rigoroso controllo di qualit\u00e0, il GSD125 offre prestazioni superiori, affidabilit\u00e0 e facilit\u00e0 di manutenzione.<\/p>\n<p data-start=\"1130\" data-end=\"1161\"><strong data-start=\"1130\" data-end=\"1159\">Specifiche tecniche:<\/strong><\/p>\n<ul data-start=\"1162\" data-end=\"1496\">\n<li data-start=\"1162\" data-end=\"1189\">\n<p data-start=\"1164\" data-end=\"1189\"><strong data-start=\"1164\" data-end=\"1173\">Dimensioni:<\/strong> Da 50 mm a 600 mm<\/p>\n<\/li>\n<li data-start=\"1190\" data-end=\"1224\">\n<p data-start=\"1192\" data-end=\"1224\"><strong data-start=\"1192\" data-end=\"1212\">Pressione nominale:<\/strong> Classe 125<\/p>\n<\/li>\n<li data-start=\"1225\" data-end=\"1281\">\n<p data-start=\"1227\" data-end=\"1281\"><strong data-start=\"1227\" data-end=\"1247\">Connessioni finali:<\/strong> Flangiato secondo ANSI B16.1 Classe 125<\/p>\n<\/li>\n<li data-start=\"1282\" data-end=\"1312\">\n<p data-start=\"1284\" data-end=\"1312\"><strong data-start=\"1284\" data-end=\"1297\">Materiale:<\/strong> Ferro duttile<\/p>\n<\/li>\n<li data-start=\"1313\" data-end=\"1378\">\n<p data-start=\"1315\" data-end=\"1335\"><strong data-start=\"1315\" data-end=\"1333\">Pressione di prova:<\/strong><\/p>\n<ul data-start=\"1338\" data-end=\"1378\">\n<li data-start=\"1338\" data-end=\"1357\">\n<p data-start=\"1340\" data-end=\"1357\">Guscio: 24,1 bar<\/p>\n<\/li>\n<li data-start=\"1360\" data-end=\"1378\">\n<p data-start=\"1362\" data-end=\"1378\">Sedile: 15,2 bar<\/p>\n<\/li>\n<\/ul>\n<\/li>\n<li data-start=\"1379\" data-end=\"1496\">\n<p data-start=\"1381\" data-end=\"1410\"><strong data-start=\"1381\" data-end=\"1408\">Pressione \/ Temperatura:<\/strong><\/p>\n<ul data-start=\"1413\" data-end=\"1496\">\n<li data-start=\"1413\" data-end=\"1444\">\n<p data-start=\"1415\" data-end=\"1444\">13,8 bar da -10\u00b0C a 65\u00b0C<\/p>\n<\/li>\n<li data-start=\"1447\" data-end=\"1467\">\n<p data-start=\"1449\" data-end=\"1467\">8,6 bar a 232\u00b0C<\/p>\n<\/li>\n<li data-start=\"1470\" data-end=\"1496\">\n<p data-start=\"1472\" data-end=\"1496\">BS EN 1092-2 Classe 125<\/p>\n<\/li>\n<\/ul>\n<\/li>\n<\/ul>","protected":false},"excerpt":{"rendered":"<p data-start=\"229\" data-end=\"420\">Valvola a saracinesca in ghisa sferoidale a stelo ascendente con flange integrali, progettata per l'uso in sistemi con fluidi attivi che richiedono durata, funzionamento regolare e chiusura affidabile in condizioni di Classe 125.<\/p>","protected":false},"featured_media":7831,"template":"","meta":{"content-type":""},"product_brand":[],"product_cat":[115,372],"product_tag":[],"class_list":{"0":"post-7833","1":"product","2":"type-product","3":"status-publish","4":"has-post-thumbnail","6":"product_cat-valves","7":"product_cat-gate-valves","9":"first","10":"instock","11":"shipping-taxable","12":"product-type-simple"},"_links":{"self":[{"href":"https:\/\/niagarapumps.ca\/it\/wp-json\/wp\/v2\/product\/7833","targetHints":{"allow":["GET"]}}],"collection":[{"href":"https:\/\/niagarapumps.ca\/it\/wp-json\/wp\/v2\/product"}],"about":[{"href":"https:\/\/niagarapumps.ca\/it\/wp-json\/wp\/v2\/types\/product"}],"wp:featuredmedia":[{"embeddable":true,"href":"https:\/\/niagarapumps.ca\/it\/wp-json\/wp\/v2\/media\/7831"}],"wp:attachment":[{"href":"https:\/\/niagarapumps.ca\/it\/wp-json\/wp\/v2\/media?parent=7833"}],"wp:term":[{"taxonomy":"product_brand","embeddable":true,"href":"https:\/\/niagarapumps.ca\/it\/wp-json\/wp\/v2\/product_brand?post=7833"},{"taxonomy":"product_cat","embeddable":true,"href":"https:\/\/niagarapumps.ca\/it\/wp-json\/wp\/v2\/product_cat?post=7833"},{"taxonomy":"product_tag","embeddable":true,"href":"https:\/\/niagarapumps.ca\/it\/wp-json\/wp\/v2\/product_tag?post=7833"}],"curies":[{"name":"wp","href":"https:\/\/api.w.org\/{rel}","templated":true}]}}