{"id":8052,"date":"2025-12-20T11:09:58","date_gmt":"2025-12-20T11:09:58","guid":{"rendered":"https:\/\/niagarapumps.ca\/?post_type=product&#038;p=8052"},"modified":"2025-12-20T11:09:58","modified_gmt":"2025-12-20T11:09:58","slug":"niagara-water-meter-model-mjwm","status":"publish","type":"product","link":"https:\/\/niagarapumps.ca\/it\/product\/niagara-water-meter-model-mjwm\/","title":{"rendered":"Misuratore d'acqua NIAGARA - Modello MJWM"},"content":{"rendered":"<p data-start=\"96\" data-end=\"423\">Questo contatore d'acqua \u00e8 progettato per una misurazione accurata del flusso d'acqua, con tutte le parti bagnate accuratamente selezionate per garantire un'elevata resistenza alla corrosione e una lunga durata. La temperatura di esercizio standard per i contatori di acqua fredda \u00e8 inferiore a 30\u00b0C (T30), mentre il modello MJWM pu\u00f2 operare in sicurezza a temperature dell'acqua fino a 50\u00b0C (T50).<\/p>\n<p data-start=\"425\" data-end=\"791\">Il rullo \u00e8 dotato di una speciale guarnizione per liquidi che impedisce il contatto diretto con l'acqua, garantendo letture chiare e stabili in tutte le condizioni operative. La girante \u00e8 l'unica parte in movimento a contatto con l'acqua, per aumentare l'affidabilit\u00e0 e ridurre al minimo l'usura. Un robusto meccanismo di trasmissione meccanica assicura un'affidabilit\u00e0 estremamente elevata e prestazioni costanti.<\/p>\n<p data-start=\"793\" data-end=\"978\">Un filtro aggiuntivo \u00e8 integrato all'ingresso del misuratore, consentendo una facile pulizia senza disturbare la tenuta del misuratore. \u00c8 disponibile una valvola di non ritorno opzionale per evitare un flusso eccessivo.<\/p>\n<p data-start=\"980\" data-end=\"1009\"><strong data-start=\"980\" data-end=\"1009\">Specifiche tecniche:<\/strong><\/p>\n<ul data-start=\"1010\" data-end=\"1330\">\n<li data-start=\"1010\" data-end=\"1050\">\n<p data-start=\"1012\" data-end=\"1050\">DN (mm): 15 \/ 20 \/ 25 \/ 32 \/ 40 \/ 50<\/p>\n<\/li>\n<li data-start=\"1051\" data-end=\"1107\">\n<p data-start=\"1053\" data-end=\"1107\">Dimensioni (pollici): 1\/2\u2033 \/ 3\/4\u2033 \/ 1\u2033 \/ 1 1\/4\u2033 \/ 1 1\/2\u2033 \/ 2\u2033<\/p>\n<\/li>\n<li data-start=\"1108\" data-end=\"1133\">\n<p data-start=\"1110\" data-end=\"1133\">Pressione max. Pressione: 16 bar<\/p>\n<\/li>\n<li data-start=\"1134\" data-end=\"1160\">\n<p data-start=\"1136\" data-end=\"1160\">Perdita di pressione (\u0394P): 63<\/p>\n<\/li>\n<li data-start=\"1161\" data-end=\"1197\">\n<p data-start=\"1163\" data-end=\"1197\">Massima. Temperatura: T = 50\u00b0 \/ 90\u00b0C<\/p>\n<\/li>\n<li data-start=\"1198\" data-end=\"1271\">\n<p data-start=\"1200\" data-end=\"1222\">Opzione di uscita a impulsi:<\/p>\n<ul data-start=\"1225\" data-end=\"1271\">\n<li data-start=\"1225\" data-end=\"1238\">\n<p data-start=\"1227\" data-end=\"1238\">Vmax: 24V<\/p>\n<\/li>\n<li data-start=\"1241\" data-end=\"1256\">\n<p data-start=\"1243\" data-end=\"1256\">Imax: 100mA<\/p>\n<\/li>\n<li data-start=\"1259\" data-end=\"1271\">\n<p data-start=\"1261\" data-end=\"1271\">Pmax: 2W<\/p>\n<\/li>\n<\/ul>\n<\/li>\n<li data-start=\"1272\" data-end=\"1330\">\n<p data-start=\"1274\" data-end=\"1330\">Qmax (l\/h): 3000 \/ 5000 \/ 7000 \/ 12000 \/ 20000 \/ 30000<\/p>\n<\/li>\n<\/ul>","protected":false},"excerpt":{"rendered":"<p data-start=\"1332\" data-end=\"1534\">Contatore d'acqua meccanico progettato per la misurazione accurata dell'acqua fredda, che offre elevata affidabilit\u00e0, prestazioni stabili e un'uscita a impulsi opzionale per i sistemi di monitoraggio e controllo.<\/p>","protected":false},"featured_media":8053,"template":"","meta":{"content-type":""},"product_brand":[],"product_cat":[115,293],"product_tag":[],"class_list":{"0":"post-8052","1":"product","2":"type-product","3":"status-publish","4":"has-post-thumbnail","6":"product_cat-valves","7":"product_cat-water-meter","9":"first","10":"instock","11":"shipping-taxable","12":"product-type-simple"},"_links":{"self":[{"href":"https:\/\/niagarapumps.ca\/it\/wp-json\/wp\/v2\/product\/8052","targetHints":{"allow":["GET"]}}],"collection":[{"href":"https:\/\/niagarapumps.ca\/it\/wp-json\/wp\/v2\/product"}],"about":[{"href":"https:\/\/niagarapumps.ca\/it\/wp-json\/wp\/v2\/types\/product"}],"wp:featuredmedia":[{"embeddable":true,"href":"https:\/\/niagarapumps.ca\/it\/wp-json\/wp\/v2\/media\/8053"}],"wp:attachment":[{"href":"https:\/\/niagarapumps.ca\/it\/wp-json\/wp\/v2\/media?parent=8052"}],"wp:term":[{"taxonomy":"product_brand","embeddable":true,"href":"https:\/\/niagarapumps.ca\/it\/wp-json\/wp\/v2\/product_brand?post=8052"},{"taxonomy":"product_cat","embeddable":true,"href":"https:\/\/niagarapumps.ca\/it\/wp-json\/wp\/v2\/product_cat?post=8052"},{"taxonomy":"product_tag","embeddable":true,"href":"https:\/\/niagarapumps.ca\/it\/wp-json\/wp\/v2\/product_tag?post=8052"}],"curies":[{"name":"wp","href":"https:\/\/api.w.org\/{rel}","templated":true}]}}