{"id":8054,"date":"2025-12-20T11:11:39","date_gmt":"2025-12-20T11:11:39","guid":{"rendered":"https:\/\/niagarapumps.ca\/?post_type=product&#038;p=8054"},"modified":"2025-12-20T11:58:07","modified_gmt":"2025-12-20T11:58:07","slug":"niagara-water-meter-model-mj-ldp","status":"publish","type":"product","link":"https:\/\/niagarapumps.ca\/it\/product\/niagara-water-meter-model-mj-ldp\/","title":{"rendered":"Misuratore d'acqua NIAGARA - Modello MJ-LDP"},"content":{"rendered":"<p data-start=\"116\" data-end=\"146\">Questo contatore d'acqua \u00e8 stato progettato per una misurazione accurata e affidabile del flusso d'acqua, con tutti i materiali a contatto con l'acqua accuratamente selezionati per garantire un'elevata resistenza alla corrosione. Tutte le materie prime plastiche utilizzate sono 100% nuove e non di seconda mano, per garantire la durata e la continuit\u00e0 del servizio.<br data-start=\"427\" data-end=\"430\" \/>La temperatura di esercizio standard per i contatori di acqua fredda \u00e8 inferiore a 30\u00b0C (T30), mentre il modello MJ-LDP pu\u00f2 operare in sicurezza a temperature dell'acqua fino a 50\u00b0C (T50).<\/p>\n<p data-start=\"591\" data-end=\"965\">Il rullo utilizza una speciale guarnizione per liquidi che impedisce il contatto diretto con l'acqua, garantendo letture chiare e stabili in tutte le condizioni operative. La girante \u00e8 l'unica parte mobile a contatto con l'acqua, il che aumenta l'affidabilit\u00e0 e riduce al minimo l'usura meccanica. Un robusto meccanismo di trasmissione meccanica garantisce un'affidabilit\u00e0 estremamente elevata e prestazioni costanti.<\/p>\n<p data-start=\"967\" data-end=\"1151\">All'ingresso del misuratore \u00e8 installato un filtro aggiuntivo che consente una facile pulizia senza disturbare la tenuta del misuratore. \u00c8 disponibile una valvola di non ritorno opzionale per evitare un flusso eccessivo.<\/p>\n<p data-start=\"1153\" data-end=\"1182\"><strong data-start=\"1153\" data-end=\"1182\">Specifiche tecniche:<\/strong><\/p>\n<ul data-start=\"1183\" data-end=\"1429\">\n<li data-start=\"1183\" data-end=\"1223\">\n<p data-start=\"1185\" data-end=\"1223\">DN (mm): 15 \/ 20 \/ 25 \/ 32 \/ 40 \/ 50<\/p>\n<\/li>\n<li data-start=\"1224\" data-end=\"1280\">\n<p data-start=\"1226\" data-end=\"1280\">Dimensioni (pollici): 1\/2\u2033 \/ 3\/4\u2033 \/ 1\u2033 \/ 1 1\/4\u2033 \/ 1 1\/2\u2033 \/ 2\u2033<\/p>\n<\/li>\n<li data-start=\"1281\" data-end=\"1306\">\n<p data-start=\"1283\" data-end=\"1306\">Pressione max. Pressione: 16 bar<\/p>\n<\/li>\n<li data-start=\"1307\" data-end=\"1333\">\n<p data-start=\"1309\" data-end=\"1333\">Perdita di pressione (\u0394P): 63<\/p>\n<\/li>\n<li data-start=\"1334\" data-end=\"1370\">\n<p data-start=\"1336\" data-end=\"1370\">Massima. Temperatura: T = 50\u00b0 \/ 90\u00b0C<\/p>\n<\/li>\n<li data-start=\"1371\" data-end=\"1429\">\n<p data-start=\"1373\" data-end=\"1429\">Qmax (l\/h): 3000 \/ 5000 \/ 7000 \/ 12000 \/ 20000 \/ 30000<\/p>\n<\/li>\n<\/ul>","protected":false},"excerpt":{"rendered":"<p data-start=\"1431\" data-end=\"1642\">Contatore d'acqua meccanico per la misurazione accurata dell'acqua fredda, che offre elevata affidabilit\u00e0, materiali resistenti alla corrosione e prestazioni stabili per sistemi idrici residenziali e commerciali.<\/p>","protected":false},"featured_media":8055,"template":"","meta":{"content-type":""},"product_brand":[],"product_cat":[115,293],"product_tag":[],"class_list":{"0":"post-8054","1":"product","2":"type-product","3":"status-publish","4":"has-post-thumbnail","6":"product_cat-valves","7":"product_cat-water-meter","9":"first","10":"instock","11":"shipping-taxable","12":"product-type-simple"},"_links":{"self":[{"href":"https:\/\/niagarapumps.ca\/it\/wp-json\/wp\/v2\/product\/8054","targetHints":{"allow":["GET"]}}],"collection":[{"href":"https:\/\/niagarapumps.ca\/it\/wp-json\/wp\/v2\/product"}],"about":[{"href":"https:\/\/niagarapumps.ca\/it\/wp-json\/wp\/v2\/types\/product"}],"wp:featuredmedia":[{"embeddable":true,"href":"https:\/\/niagarapumps.ca\/it\/wp-json\/wp\/v2\/media\/8055"}],"wp:attachment":[{"href":"https:\/\/niagarapumps.ca\/it\/wp-json\/wp\/v2\/media?parent=8054"}],"wp:term":[{"taxonomy":"product_brand","embeddable":true,"href":"https:\/\/niagarapumps.ca\/it\/wp-json\/wp\/v2\/product_brand?post=8054"},{"taxonomy":"product_cat","embeddable":true,"href":"https:\/\/niagarapumps.ca\/it\/wp-json\/wp\/v2\/product_cat?post=8054"},{"taxonomy":"product_tag","embeddable":true,"href":"https:\/\/niagarapumps.ca\/it\/wp-json\/wp\/v2\/product_tag?post=8054"}],"curies":[{"name":"wp","href":"https:\/\/api.w.org\/{rel}","templated":true}]}}