{"id":8061,"date":"2025-12-20T11:40:52","date_gmt":"2025-12-20T11:40:52","guid":{"rendered":"https:\/\/niagarapumps.ca\/?post_type=product&#038;p=8061"},"modified":"2026-02-08T13:52:54","modified_gmt":"2026-02-08T13:52:54","slug":"niagara-water-meter-model-btld","status":"publish","type":"product","link":"https:\/\/niagarapumps.ca\/it\/product\/niagara-water-meter-model-btld\/","title":{"rendered":"Misuratore d'acqua NIAGARA - Modello BTLD"},"content":{"rendered":"<p data-start=\"147\" data-end=\"441\">Questo misuratore di portata elettromagnetico \u00e8 progettato per una misurazione stabile e di alta precisione con una perdita di pressione minima. Supporta la misurazione bidirezionale del flusso utilizzando la tecnologia di misurazione del freddo e del calore del calorimetro elettromagnetico, garantendo prestazioni affidabili in varie condizioni operative.<\/p>\n<p data-start=\"443\" data-end=\"769\">L'accuratezza della misura non \u00e8 influenzata da densit\u00e0, viscosit\u00e0, temperatura, pressione o conduttivit\u00e0 del fluido. Il dispositivo supporta diverse opzioni di uscita e comunicazione, tra cui 4-20 mA, impulsi, RS485-MODBUS, RS232, HART, GPRS e Profibus.<br data-start=\"684\" data-end=\"687\" \/>Il display LCD retroilluminato consente una lettura chiara sia in ambienti luminosi che al buio.<\/p>\n<p data-start=\"771\" data-end=\"1070\">Il sistema di misura bidirezionale comprende tre totalizzatori incorporati: flusso positivo, flusso inverso e flusso totale di differenza. Il convertitore supporta gli allarmi di autodiagnosi, gli allarmi di rilevamento dell'assenza di carico, gli allarmi di limite superiore e inferiore del flusso, il controllo dei batch (personalizzabile) e altre funzioni di uscita degli allarmi.<\/p>\n<p data-start=\"1072\" data-end=\"1101\"><strong data-start=\"1072\" data-end=\"1101\">Specifiche tecniche:<\/strong><\/p>\n<ul data-start=\"1102\" data-end=\"1419\">\n<li data-start=\"1102\" data-end=\"1139\">\n<p data-start=\"1104\" data-end=\"1139\">Diametro nominale: DN6 - DN3000 mm<\/p>\n<\/li>\n<li data-start=\"1140\" data-end=\"1252\">\n<p data-start=\"1142\" data-end=\"1160\">Materiali della fodera:<\/p>\n<ul data-start=\"1163\" data-end=\"1252\">\n<li data-start=\"1163\" data-end=\"1177\">\n<p data-start=\"1165\" data-end=\"1177\">CR (&lt;60\u00b0C)<\/p>\n<\/li>\n<li data-start=\"1180\" data-end=\"1194\">\n<p data-start=\"1182\" data-end=\"1194\">PU (&lt;80\u00b0C)<\/p>\n<\/li>\n<li data-start=\"1197\" data-end=\"1214\">\n<p data-start=\"1199\" data-end=\"1214\">PTFE (&lt;120\u00b0C)<\/p>\n<\/li>\n<li data-start=\"1217\" data-end=\"1233\">\n<p data-start=\"1219\" data-end=\"1233\">F46 (&lt;180\u00b0C)<\/p>\n<\/li>\n<li data-start=\"1236\" data-end=\"1252\">\n<p data-start=\"1238\" data-end=\"1252\">FPM (&lt;180\u00b0C)<\/p>\n<\/li>\n<\/ul>\n<\/li>\n<li data-start=\"1253\" data-end=\"1317\">\n<p data-start=\"1255\" data-end=\"1317\">Pressione nominale: 0,6 - 4,0 MPa (pressione superiore personalizzabile)<\/p>\n<\/li>\n<li data-start=\"1318\" data-end=\"1344\">\n<p data-start=\"1320\" data-end=\"1344\">Perdita di pressione (\u0394P): 63<\/p>\n<\/li>\n<li data-start=\"1345\" data-end=\"1385\">\n<p data-start=\"1347\" data-end=\"1385\">Intervallo di pressione nominale: 0,6 - 42 MPa<\/p>\n<\/li>\n<li data-start=\"1386\" data-end=\"1419\">\n<p data-start=\"1388\" data-end=\"1419\">Classe di protezione: IP65 \/ IP68<\/p>\n<\/li>\n<\/ul>","protected":false},"excerpt":{"rendered":"<p data-start=\"1421\" data-end=\"1646\">Misuratore di portata elettromagnetico ad alta precisione con misurazione bidirezionale, ampie opzioni di comunicazione e protezione IP65\/IP68, adatto al controllo dei processi industriali e alle applicazioni di trattamento delle acque.<\/p>","protected":false},"featured_media":8131,"template":"","meta":{"content-type":""},"product_brand":[],"product_cat":[115,293],"product_tag":[],"class_list":{"0":"post-8061","1":"product","2":"type-product","3":"status-publish","4":"has-post-thumbnail","6":"product_cat-valves","7":"product_cat-water-meter","9":"first","10":"instock","11":"shipping-taxable","12":"product-type-simple"},"_links":{"self":[{"href":"https:\/\/niagarapumps.ca\/it\/wp-json\/wp\/v2\/product\/8061","targetHints":{"allow":["GET"]}}],"collection":[{"href":"https:\/\/niagarapumps.ca\/it\/wp-json\/wp\/v2\/product"}],"about":[{"href":"https:\/\/niagarapumps.ca\/it\/wp-json\/wp\/v2\/types\/product"}],"wp:featuredmedia":[{"embeddable":true,"href":"https:\/\/niagarapumps.ca\/it\/wp-json\/wp\/v2\/media\/8131"}],"wp:attachment":[{"href":"https:\/\/niagarapumps.ca\/it\/wp-json\/wp\/v2\/media?parent=8061"}],"wp:term":[{"taxonomy":"product_brand","embeddable":true,"href":"https:\/\/niagarapumps.ca\/it\/wp-json\/wp\/v2\/product_brand?post=8061"},{"taxonomy":"product_cat","embeddable":true,"href":"https:\/\/niagarapumps.ca\/it\/wp-json\/wp\/v2\/product_cat?post=8061"},{"taxonomy":"product_tag","embeddable":true,"href":"https:\/\/niagarapumps.ca\/it\/wp-json\/wp\/v2\/product_tag?post=8061"}],"curies":[{"name":"wp","href":"https:\/\/api.w.org\/{rel}","templated":true}]}}