{"id":8069,"date":"2025-12-20T12:09:34","date_gmt":"2025-12-20T12:09:34","guid":{"rendered":"https:\/\/niagarapumps.ca\/?post_type=product&#038;p=8069"},"modified":"2025-12-20T12:09:34","modified_gmt":"2025-12-20T12:09:34","slug":"niagara-water-hammer-arrestor-model-nha1","status":"publish","type":"product","link":"https:\/\/niagarapumps.ca\/it\/product\/niagara-water-hammer-arrestor-model-nha1\/","title":{"rendered":"ARRESTATORE A MARTELLO NIAGARA - Modello NHA1"},"content":{"rendered":"<p data-start=\"158\" data-end=\"395\">Questo dispositivo di arresto del colpo d'ariete \u00e8 caricato ad aria in fabbrica a 4,2 bar (60 psi) ed \u00e8 permanentemente sigillato, per cui non \u00e8 ricaricabile sul campo. \u00c8 stato progettato per proteggere i sistemi di tubature e le apparecchiature dai danni causati dalla pressione dell'acqua.<\/p>\n<p data-start=\"397\" data-end=\"645\">L'unit\u00e0 \u00e8 dotata di un adattatore esagonale NPT in ottone massiccio per facilitare l'installazione ed \u00e8 approvata ASSE, ANSI e PDI, oltre a essere classificata UPC. Pu\u00f2 essere installato in posizioni nascoste senza la necessit\u00e0 di pannelli di accesso, offrendo flessibilit\u00e0 nella progettazione del sistema.<\/p>\n<p data-start=\"647\" data-end=\"676\"><strong data-start=\"647\" data-end=\"676\">Specifiche tecniche:<\/strong><\/p>\n<ul data-start=\"677\" data-end=\"810\">\n<li data-start=\"677\" data-end=\"708\">\n<p data-start=\"679\" data-end=\"708\">Dimensioni: 1\/2\u2033 - 1\u2033 (15-25 mm)<\/p>\n<\/li>\n<li data-start=\"709\" data-end=\"757\">\n<p data-start=\"711\" data-end=\"757\">Pressione di esercizio: fino a 150 psi (10,6 bar)<\/p>\n<\/li>\n<li data-start=\"758\" data-end=\"810\">\n<p data-start=\"760\" data-end=\"810\">Intervallo di temperatura: Da 33\u00b0F a 180\u00b0F (da 0,5\u00b0C a 82\u00b0C)<\/p>\n<\/li>\n<\/ul>\n<p data-start=\"812\" data-end=\"826\"><strong data-start=\"812\" data-end=\"826\">Materiali:<\/strong><\/p>\n<ul data-start=\"827\" data-end=\"912\">\n<li data-start=\"827\" data-end=\"850\">\n<p data-start=\"829\" data-end=\"850\">Corpo: Tubo di rame<\/p>\n<\/li>\n<li data-start=\"851\" data-end=\"876\">\n<p data-start=\"853\" data-end=\"876\">Pistone: Polipropilene<\/p>\n<\/li>\n<li data-start=\"877\" data-end=\"895\">\n<p data-start=\"879\" data-end=\"895\">Adattatore: Ottone<\/p>\n<\/li>\n<li data-start=\"896\" data-end=\"912\">\n<p data-start=\"898\" data-end=\"912\">O-ring: EPDM<\/p>\n<\/li>\n<\/ul>","protected":false},"excerpt":{"rendered":"<p data-start=\"914\" data-end=\"1100\">Scaricatore di colpi d'ariete compatto, esente da manutenzione, con carica d'aria sigillata in fabbrica, adatto per installazioni a scomparsa in impianti idraulici domestici e commerciali.<\/p>","protected":false},"featured_media":8070,"template":"","meta":{"content-type":""},"product_brand":[],"product_cat":[572,115],"product_tag":[],"class_list":{"0":"post-8069","1":"product","2":"type-product","3":"status-publish","4":"has-post-thumbnail","6":"product_cat-water-hammer-arrestor","7":"product_cat-valves","9":"first","10":"instock","11":"shipping-taxable","12":"product-type-simple"},"_links":{"self":[{"href":"https:\/\/niagarapumps.ca\/it\/wp-json\/wp\/v2\/product\/8069","targetHints":{"allow":["GET"]}}],"collection":[{"href":"https:\/\/niagarapumps.ca\/it\/wp-json\/wp\/v2\/product"}],"about":[{"href":"https:\/\/niagarapumps.ca\/it\/wp-json\/wp\/v2\/types\/product"}],"wp:featuredmedia":[{"embeddable":true,"href":"https:\/\/niagarapumps.ca\/it\/wp-json\/wp\/v2\/media\/8070"}],"wp:attachment":[{"href":"https:\/\/niagarapumps.ca\/it\/wp-json\/wp\/v2\/media?parent=8069"}],"wp:term":[{"taxonomy":"product_brand","embeddable":true,"href":"https:\/\/niagarapumps.ca\/it\/wp-json\/wp\/v2\/product_brand?post=8069"},{"taxonomy":"product_cat","embeddable":true,"href":"https:\/\/niagarapumps.ca\/it\/wp-json\/wp\/v2\/product_cat?post=8069"},{"taxonomy":"product_tag","embeddable":true,"href":"https:\/\/niagarapumps.ca\/it\/wp-json\/wp\/v2\/product_tag?post=8069"}],"curies":[{"name":"wp","href":"https:\/\/api.w.org\/{rel}","templated":true}]}}